{"id":39,"date":"2023-06-06T11:34:11","date_gmt":"2023-06-06T08:34:11","guid":{"rendered":"https:\/\/levax.ee\/?post_type=product&#038;p=39"},"modified":"2025-03-11T14:28:30","modified_gmt":"2025-03-11T12:28:30","slug":"proteiinikupsis-all-american-cookie-dough-90g","status":"publish","type":"product","link":"https:\/\/levax.ee\/en\/toode\/proteiinikupsis-all-american-cookie-dough-90g\/","title":{"rendered":"Proteiinik\u00fcpsis All American Cookie Dough, 90g. Weider"},"content":{"rendered":"<p>Maitsev proteiinik\u00fcpsis. Vegan.<\/p>\n<p>See on rikas toitainete, s\u00fcsivesikute ja valkude poolest, mis aitavad kaasa lihasmassi kasvule ja taastumisele.<\/p>\n<p>Meie k\u00fcpsis ei sisalda lisatud magusaineid, piimatooteid ega mune.<\/p>\n<p>See proteiinik\u00fcpsis sobib veganitele.<\/p>\n<p>Ei sobi rasedatele ja lastele. Soovitatud \u00f6\u00f6p\u00e4evast tarbimist ei tohi \u00fcletada, liigne tarbimine v\u00f5ib olla tervisele ohtlik. Positiivse efekti saavutamiseks tuleks j\u00e4rgida antud tarbimissoovitust.<\/p>\n<p>Sisaldab nisu, soja.<\/p>\n<p>Koostis: Nisuproteiin, nisujahu, kookos\u00f5li, roosuhkur, palmi\u00f5li, 6% \u0161okolaad (suhkur, kakaomass, kakaov\u00f5i, emulgaator: sojaletsitiin), gl\u00fckoosisiirup, fruktoos, niiskuses\u00e4ilitaja: gl\u00fctseriin; kakaopulber, emulgaator: sojaletsitiinid; kergitusained: naatriumkarbonaadid; Aroom, sool, kaneel, sidruni\u00f5li.<\/p>\n<table style=\"height: 471px\" width=\"419\">\n<tbody>\n<tr>\n<td width=\"123\">Toitumisalane teave<\/td>\n<td width=\"90\">\n<p style=\"font-style: inherit;font-weight: inherit\"><span style=\"font-style: inherit;font-weight: inherit\">100 g<\/span><\/p>\n<\/td>\n<td width=\"101\">\n<p style=\"font-style: inherit;font-weight: inherit\"><span style=\"font-style: inherit;font-weight: inherit\">90 g<\/span><\/p>\n<\/td>\n<\/tr>\n<tr>\n<td width=\"123\">Energia kJ<\/td>\n<td width=\"90\">\n<p style=\"font-style: inherit;font-weight: inherit\"><span style=\"font-style: inherit;font-weight: inherit\">2068 kJ<\/span><\/p>\n<\/td>\n<td width=\"101\">\n<p style=\"font-style: inherit;font-weight: inherit\"><span style=\"font-style: inherit;font-weight: inherit\">1861 kJ<\/span><\/p>\n<\/td>\n<\/tr>\n<tr>\n<td width=\"123\">kcal<\/td>\n<td width=\"90\">\n<p style=\"font-style: inherit;font-weight: inherit\"><span style=\"font-style: inherit;font-weight: inherit\">494 kcal<\/span><\/p>\n<\/td>\n<td width=\"101\">\n<p style=\"font-style: inherit;font-weight: inherit\"><span style=\"font-style: inherit;font-weight: inherit\">445 kcal<\/span><\/p>\n<\/td>\n<\/tr>\n<tr>\n<td width=\"123\">Rasvad<\/td>\n<td width=\"90\">\n<p style=\"font-style: inherit;font-weight: inherit\"><span style=\"font-style: inherit;font-weight: inherit\">25 g<\/span><\/p>\n<\/td>\n<td width=\"101\">\n<p style=\"font-style: inherit;font-weight: inherit\"><span style=\"font-style: inherit;font-weight: inherit\">23 g<\/span><\/p>\n<\/td>\n<\/tr>\n<tr>\n<td width=\"123\">millest k\u00fcllastunud rasvhapped<\/td>\n<td width=\"90\">\n<p style=\"font-style: inherit;font-weight: inherit\"><span style=\"font-style: inherit;font-weight: inherit\">17 g<\/span><\/p>\n<\/td>\n<td width=\"101\">\n<p style=\"font-style: inherit;font-weight: inherit\"><span style=\"font-style: inherit;font-weight: inherit\">16 g<\/span><\/p>\n<\/td>\n<\/tr>\n<tr>\n<td width=\"123\">s\u00fcsivesikuid<\/td>\n<td width=\"90\">\n<p style=\"font-style: inherit;font-weight: inherit\"><span style=\"font-style: inherit;font-weight: inherit\">42 g<\/span><\/p>\n<\/td>\n<td width=\"101\">\n<p style=\"font-style: inherit;font-weight: inherit\"><span style=\"font-style: inherit;font-weight: inherit\">38 g<\/span><\/p>\n<\/td>\n<\/tr>\n<tr>\n<td width=\"123\">millest suhkrud<\/td>\n<td width=\"90\">\n<p style=\"font-style: inherit;font-weight: inherit\"><span style=\"font-style: inherit;font-weight: inherit\">19 g<\/span><\/p>\n<\/td>\n<td width=\"101\">\n<p style=\"font-style: inherit;font-weight: inherit\"><span style=\"font-style: inherit;font-weight: inherit\">17 g<\/span><\/p>\n<\/td>\n<\/tr>\n<tr>\n<td width=\"123\">valk<\/td>\n<td width=\"90\">\n<p style=\"font-style: inherit;font-weight: inherit\"><span style=\"font-style: inherit;font-weight: inherit\">24 g<\/span><\/p>\n<\/td>\n<td width=\"101\">\n<p style=\"font-style: inherit;font-weight: inherit\"><span style=\"font-style: inherit;font-weight: inherit\">22 g<\/span><\/p>\n<\/td>\n<\/tr>\n<tr>\n<td width=\"123\">soola<\/td>\n<td width=\"90\">\n<p style=\"font-style: inherit;font-weight: inherit\"><span style=\"font-style: inherit;font-weight: inherit\">0,73 g<\/span><\/p>\n<\/td>\n<td width=\"101\">\n<p style=\"font-style: inherit;font-weight: inherit\"><span style=\"font-style: inherit;font-weight: inherit\">0,66 g<\/span><\/p>\n<\/td>\n<\/tr>\n<\/tbody>\n<\/table>\n","protected":false},"excerpt":{"rendered":"<p>Weider, Saksamaa<\/p>\n","protected":false},"featured_media":585,"template":"","meta":{"_gspb_post_css":""},"product_brand":[],"product_cat":[55,32,33,30],"product_tag":[],"class_list":{"0":"post-39","1":"product","2":"type-product","3":"status-publish","4":"has-post-thumbnail","6":"product_cat-proteiinikupsis-vegan","7":"product_cat-proteiin","8":"product_cat-kupsised","9":"product_cat-vegan","11":"first","12":"outofstock","13":"taxable","14":"shipping-taxable","15":"purchasable","16":"product-type-simple"},"jetpack_sharing_enabled":true,"_links":{"self":[{"href":"https:\/\/levax.ee\/en\/wp-json\/wp\/v2\/product\/39","targetHints":{"allow":["GET"]}}],"collection":[{"href":"https:\/\/levax.ee\/en\/wp-json\/wp\/v2\/product"}],"about":[{"href":"https:\/\/levax.ee\/en\/wp-json\/wp\/v2\/types\/product"}],"wp:featuredmedia":[{"embeddable":true,"href":"https:\/\/levax.ee\/en\/wp-json\/wp\/v2\/media\/585"}],"wp:attachment":[{"href":"https:\/\/levax.ee\/en\/wp-json\/wp\/v2\/media?parent=39"}],"wp:term":[{"taxonomy":"product_brand","embeddable":true,"href":"https:\/\/levax.ee\/en\/wp-json\/wp\/v2\/product_brand?post=39"},{"taxonomy":"product_cat","embeddable":true,"href":"https:\/\/levax.ee\/en\/wp-json\/wp\/v2\/product_cat?post=39"},{"taxonomy":"product_tag","embeddable":true,"href":"https:\/\/levax.ee\/en\/wp-json\/wp\/v2\/product_tag?post=39"}],"curies":[{"name":"wp","href":"https:\/\/api.w.org\/{rel}","templated":true}]}}