{"id":47,"date":"2023-06-06T11:49:43","date_gmt":"2023-06-06T08:49:43","guid":{"rendered":"https:\/\/levax.ee\/?post_type=product&#038;p=47"},"modified":"2024-09-12T19:48:46","modified_gmt":"2024-09-12T16:48:46","slug":"yippie-proteiinibatoon-brownie-vanilje-45g","status":"publish","type":"product","link":"https:\/\/levax.ee\/en\/toode\/yippie-proteiinibatoon-brownie-vanilje-45g\/","title":{"rendered":"Yippie! proteiinibatoon, Brownie-vanilje, 45g"},"content":{"rendered":"<p>Yippie! Weideri baar on esimene batoon, mis on t\u00e4idetud kuue kihiga.<\/p>\n<p>Yippie! 36% valgubatoon t\u00e4idetud 10% proteiinikreemiga, puistatud 7% sojakr\u00f5psudega, kaetud 19% piima\u0161okolaadiga. Magusainetega.<\/p>\n<p>Selle s\u00fcsivesikute sisaldus on madalam kui teistel sarnastel batoonidel.<\/p>\n<p>Neto suhkrusisaldus on alla 2 grammi batooni kohta.<\/p>\n<table style=\"height: 411px\" width=\"321\">\n<tbody>\n<tr>\n<td width=\"110\">Toitumisalane teave*<\/td>\n<td width=\"64\">100g kohta<\/td>\n<td width=\"64\">45g kohta<\/td>\n<\/tr>\n<tr>\n<td width=\"110\">Energia<\/td>\n<td width=\"64\">1665 kJ \/ 398 kcal<\/td>\n<td width=\"64\">749 kJ \/ 179 kcal<\/td>\n<\/tr>\n<tr>\n<td width=\"110\">Rasv:<\/td>\n<td width=\"64\">17g<\/td>\n<td width=\"64\">7,8 g<\/td>\n<\/tr>\n<tr>\n<td width=\"110\">\u00a0sellest k\u00fcllastunud\u00a0rasvhapped:<\/td>\n<td width=\"64\">10g<\/td>\n<td width=\"64\">4,5 g<\/td>\n<\/tr>\n<tr>\n<td width=\"110\">S\u00fcsivesikud:<\/td>\n<td width=\"64\">35g<\/td>\n<td width=\"64\">16 g<\/td>\n<\/tr>\n<tr>\n<td width=\"110\">\u00a0millest suhkrud:<\/td>\n<td width=\"64\">2,7 g<\/td>\n<td width=\"64\">1,2 g<\/td>\n<\/tr>\n<tr>\n<td width=\"110\">\u00a0millest Pol\u00fcalkohol:<\/td>\n<td width=\"64\">29 g<\/td>\n<td width=\"64\">13g<\/td>\n<\/tr>\n<tr>\n<td width=\"110\">Valk:<\/td>\n<td width=\"64\">36 g<\/td>\n<td width=\"64\">16 g<\/td>\n<\/tr>\n<tr>\n<td width=\"110\">Sool:<\/td>\n<td width=\"64\">0,52 g<\/td>\n<td width=\"64\">0,23 g<\/td>\n<\/tr>\n<\/tbody>\n<\/table>\n<p>Koostis:<\/p>\n<p>piimavalk\u00b9 , magusaine: maltitool; niiskuses\u00e4ilitaja: gl\u00fctseriin; Kakaov\u00f5i, kollageenh\u00fcdrol\u00fcsaat, sojavalgu isolaat , t\u00e4ispiimapulber\u00b9 , kakaopulber, kakaomass, palmirasv, l\u00f5hna- ja maitseaine, tapiokit\u00e4rklis, emulgaator: E322 ( soja ); sool, magusaine: sukraloos. \u00b9<\/p>\n<p>Sisaldab laktoosi. V\u00f5ib sisaldada j\u00e4lgi munast, gluteenist, maap\u00e4hklist ja muudest p\u00e4hklitest.<\/p>\n<p>Liigsel tarbimisel v\u00f5ib olla lahtistav toime.<\/p>\n","protected":false},"excerpt":{"rendered":"<p>Weider, Saksamaa<\/p>\n","protected":false},"featured_media":58,"template":"","meta":{"_gspb_post_css":""},"product_brand":[],"product_cat":[32,34],"product_tag":[],"class_list":{"0":"post-47","1":"product","2":"type-product","3":"status-publish","4":"has-post-thumbnail","6":"product_cat-proteiin","7":"product_cat-batoonid","9":"first","10":"outofstock","11":"taxable","12":"shipping-taxable","13":"purchasable","14":"product-type-simple"},"jetpack_sharing_enabled":true,"_links":{"self":[{"href":"https:\/\/levax.ee\/en\/wp-json\/wp\/v2\/product\/47","targetHints":{"allow":["GET"]}}],"collection":[{"href":"https:\/\/levax.ee\/en\/wp-json\/wp\/v2\/product"}],"about":[{"href":"https:\/\/levax.ee\/en\/wp-json\/wp\/v2\/types\/product"}],"wp:featuredmedia":[{"embeddable":true,"href":"https:\/\/levax.ee\/en\/wp-json\/wp\/v2\/media\/58"}],"wp:attachment":[{"href":"https:\/\/levax.ee\/en\/wp-json\/wp\/v2\/media?parent=47"}],"wp:term":[{"taxonomy":"product_brand","embeddable":true,"href":"https:\/\/levax.ee\/en\/wp-json\/wp\/v2\/product_brand?post=47"},{"taxonomy":"product_cat","embeddable":true,"href":"https:\/\/levax.ee\/en\/wp-json\/wp\/v2\/product_cat?post=47"},{"taxonomy":"product_tag","embeddable":true,"href":"https:\/\/levax.ee\/en\/wp-json\/wp\/v2\/product_tag?post=47"}],"curies":[{"name":"wp","href":"https:\/\/api.w.org\/{rel}","templated":true}]}}