{"id":61,"date":"2023-06-06T11:56:46","date_gmt":"2023-06-06T08:56:46","guid":{"rendered":"https:\/\/levax.ee\/?post_type=product&#038;p=61"},"modified":"2024-09-12T19:48:57","modified_gmt":"2024-09-12T16:48:57","slug":"yippie-proteiinibatoon-maapahkli-karamelli-45g","status":"publish","type":"product","link":"https:\/\/levax.ee\/en\/toode\/yippie-proteiinibatoon-maapahkli-karamelli-45g\/","title":{"rendered":"Yippie! proteiinibatoon, maap\u00e4hkli-karamelli, 45g"},"content":{"rendered":"<p>Yippie! 36% valgubatoon, mis on t\u00e4idetud 10% valgukreemiga, puistatud 4% r\u00f6stitud maap\u00e4hklitega ja 4% sojakr\u00f5psudega, kaetud 19% piima\u0161okolaadiga. Magusainetega.<\/p>\n<p>6 erinevat kihti<\/p>\n<p>V\u00e4hendatud s\u00fcsivesikute sisaldus: v\u00f5rreldes tavaliste kompvekitahvlitega on v\u00e4hem s\u00fcsivesikuid.<br \/>\nV\u00f5rreldamatult h\u00f5rk maitse<\/p>\n<table width=\"205\">\n<tbody>\n<tr>\n<td width=\"77\">Toitumisalane teave*<\/td>\n<td width=\"64\">100g kohta<\/td>\n<td width=\"64\">45g kohta<\/td>\n<\/tr>\n<tr>\n<td width=\"77\">Energia<\/td>\n<td width=\"64\">1687 kJ \/ 404 kcal<\/td>\n<td width=\"64\">759 kJ \/ 182 kcal<\/td>\n<\/tr>\n<tr>\n<td width=\"77\">Rasv:<\/td>\n<td width=\"64\">18g<\/td>\n<td width=\"64\">8,3 g<\/td>\n<\/tr>\n<tr>\n<td width=\"77\">\u00a0sellest k\u00fcllastunud\u00a0rasvhapped:<\/td>\n<td width=\"64\">10,2 g<\/td>\n<td width=\"64\">4,6 g<\/td>\n<\/tr>\n<tr>\n<td width=\"77\">S\u00fcsivesikud:<\/td>\n<td width=\"64\">35g<\/td>\n<td width=\"64\">16 g<\/td>\n<\/tr>\n<tr>\n<td width=\"77\">\u00a0millest suhkrud:<\/td>\n<td width=\"64\">3,1 g<\/td>\n<td width=\"64\">1,4 g<\/td>\n<\/tr>\n<tr>\n<td width=\"77\">\u00a0millest pol\u00fcalkohol:<\/td>\n<td width=\"64\">29 g<\/td>\n<td width=\"64\">13g<\/td>\n<\/tr>\n<tr>\n<td width=\"77\">Valk:<\/td>\n<td width=\"64\">36 g<\/td>\n<td width=\"64\">16 g<\/td>\n<\/tr>\n<tr>\n<td width=\"77\">Sool:<\/td>\n<td width=\"64\">0,45 g<\/td>\n<td width=\"64\">0,2 g<\/td>\n<\/tr>\n<\/tbody>\n<\/table>\n<p>&nbsp;<\/p>\n","protected":false},"excerpt":{"rendered":"<p>Weider, Saksamaa<\/p>\n","protected":false},"featured_media":64,"template":"","meta":{"_gspb_post_css":""},"product_brand":[],"product_cat":[32,34],"product_tag":[59],"class_list":{"0":"post-61","1":"product","2":"type-product","3":"status-publish","4":"has-post-thumbnail","6":"product_cat-proteiin","7":"product_cat-batoonid","8":"product_tag-proteiin","10":"first","11":"outofstock","12":"taxable","13":"shipping-taxable","14":"purchasable","15":"product-type-simple"},"jetpack_sharing_enabled":true,"_links":{"self":[{"href":"https:\/\/levax.ee\/en\/wp-json\/wp\/v2\/product\/61","targetHints":{"allow":["GET"]}}],"collection":[{"href":"https:\/\/levax.ee\/en\/wp-json\/wp\/v2\/product"}],"about":[{"href":"https:\/\/levax.ee\/en\/wp-json\/wp\/v2\/types\/product"}],"wp:featuredmedia":[{"embeddable":true,"href":"https:\/\/levax.ee\/en\/wp-json\/wp\/v2\/media\/64"}],"wp:attachment":[{"href":"https:\/\/levax.ee\/en\/wp-json\/wp\/v2\/media?parent=61"}],"wp:term":[{"taxonomy":"product_brand","embeddable":true,"href":"https:\/\/levax.ee\/en\/wp-json\/wp\/v2\/product_brand?post=61"},{"taxonomy":"product_cat","embeddable":true,"href":"https:\/\/levax.ee\/en\/wp-json\/wp\/v2\/product_cat?post=61"},{"taxonomy":"product_tag","embeddable":true,"href":"https:\/\/levax.ee\/en\/wp-json\/wp\/v2\/product_tag?post=61"}],"curies":[{"name":"wp","href":"https:\/\/api.w.org\/{rel}","templated":true}]}}