{"id":615,"date":"2023-11-01T17:19:27","date_gmt":"2023-11-01T15:19:27","guid":{"rendered":"https:\/\/levax.ee\/?post_type=product&#038;p=615"},"modified":"2025-10-17T14:50:40","modified_gmt":"2025-10-17T11:50:40","slug":"kookose-sokolaad-suhkruvaba-40g","status":"publish","type":"product","link":"https:\/\/levax.ee\/en\/toode\/kookose-sokolaad-suhkruvaba-40g\/","title":{"rendered":"Kookose \u0161okolaad, suhkruvaba 40g"},"content":{"rendered":"<p>Nick\u2019s glasuuriga kookose \u0161okolaad<\/p>\n<p>Sobib\u00a0<b>s\u00fcsivesikutevaese<\/b>\u00a0<b>dieedi<\/b>,\u00a0<b>keto<\/b>,\u00a0<b>diabeedi<\/b>,<br \/>\n<b>gluteenitalumatuse<\/b> korral.<\/p>\n<p>Koostisosad:\u00a0Kookosp\u00e4hkel (32%), magusained: er\u00fctritool, kakaov\u00f5i, lahustuv maisikiudaine, pol\u00fcdekstroos (kiudaine),\u00a0piimapulber, sigurijuurekiudaine, magusaine: ks\u00fclitool,\u00a0vadakupulber, kakaomass, niiskuses\u00e4ilitaja: taimne gl\u00fctserool, emulgaator: p\u00e4evalilleletsitiin, sool, looduslik l\u00f5hna- ja maitseaine, magusaine: stevioolgl\u00fckosiidid. V\u00f5ib sisaldada v\u00e4hesel m\u00e4\u00e4ral\u00a0soja, seesamiseemneid, p\u00e4hkleid, maap\u00e4hkleid\u00a0ja\u00a0muna.\u00a0\u00a0Parim enne vaata pakendilt.<\/p>\n<p>\u00dcleliigne tarbimine v\u00f5ib p\u00f5hjustada k\u00f5hulahtisust.<\/p>\n","protected":false},"excerpt":{"rendered":"<p>Glasuuriga kookose \u0161okolaad, suhkruvaba<\/p>\n<p>Nick&#8217;s<\/p>\n","protected":false},"featured_media":616,"template":"","meta":{"_gspb_post_css":""},"product_brand":[],"product_cat":[58],"product_tag":[],"class_list":{"0":"post-615","1":"product","2":"type-product","3":"status-publish","4":"has-post-thumbnail","6":"product_cat-suhkruvaba","8":"first","9":"outofstock","10":"taxable","11":"shipping-taxable","12":"purchasable","13":"product-type-simple"},"jetpack_sharing_enabled":true,"_links":{"self":[{"href":"https:\/\/levax.ee\/en\/wp-json\/wp\/v2\/product\/615","targetHints":{"allow":["GET"]}}],"collection":[{"href":"https:\/\/levax.ee\/en\/wp-json\/wp\/v2\/product"}],"about":[{"href":"https:\/\/levax.ee\/en\/wp-json\/wp\/v2\/types\/product"}],"wp:featuredmedia":[{"embeddable":true,"href":"https:\/\/levax.ee\/en\/wp-json\/wp\/v2\/media\/616"}],"wp:attachment":[{"href":"https:\/\/levax.ee\/en\/wp-json\/wp\/v2\/media?parent=615"}],"wp:term":[{"taxonomy":"product_brand","embeddable":true,"href":"https:\/\/levax.ee\/en\/wp-json\/wp\/v2\/product_brand?post=615"},{"taxonomy":"product_cat","embeddable":true,"href":"https:\/\/levax.ee\/en\/wp-json\/wp\/v2\/product_cat?post=615"},{"taxonomy":"product_tag","embeddable":true,"href":"https:\/\/levax.ee\/en\/wp-json\/wp\/v2\/product_tag?post=615"}],"curies":[{"name":"wp","href":"https:\/\/api.w.org\/{rel}","templated":true}]}}