{"id":631,"date":"2023-11-01T21:19:59","date_gmt":"2023-11-01T19:19:59","guid":{"rendered":"https:\/\/levax.ee\/?post_type=product&#038;p=631"},"modified":"2025-02-08T12:27:10","modified_gmt":"2025-02-08T10:27:10","slug":"sokolaadibatoon-krobe-karamell-suhkruvaba-28g","status":"publish","type":"product","link":"https:\/\/levax.ee\/en\/toode\/sokolaadibatoon-krobe-karamell-suhkruvaba-28g\/","title":{"rendered":"\u0160okolaadibatoon, kr\u00f5be karamell, suhkruvaba 28g"},"content":{"rendered":"<p>\u0160okolaadibatoon kr\u00f5beda karamelliga.<\/p>\n<p>1 \u0161okolaadis vaid 88 kcal.<\/p>\n<p>Suhkruvaba, gluteenivaba, ei ole kasutatud palmi\u00f5li!<\/p>\n<p>Sobib\u00a0<b>s\u00fcsivesikutevaese<\/b>\u00a0<b>dieedi<\/b>,\u00a0<b>keto<\/b>,\u00a0<b>diabeedi<\/b>,<br \/>\n<b>gluteenitalumatuse<\/b>\u00a0korral<\/p>\n<p><b>Koostisosad:\u00a0<\/b>Magusained: er\u00fctritool, pol\u00fcdekstroos (kiudaine), magusaine: isomalt,\u00a0<b>piima<\/b>pulber, kakaov\u00f5i,\u00a0<b>v\u00f5i (piim)<\/b>, taimne \u00f5li (kookos-, v\u00f5iseemniku\u00f5li), kakaomass, sigurijuurekiudaine,\u00a0<strong>mandlid<\/strong>, lahustuv maisikiudaine, emulgaator: p\u00e4evalilleletsitiin, looduslik l\u00f5hna- ja maitseaine, sool, magusaine: stevioolgl\u00fckosiidid. V\u00f5ib sisaldada v\u00e4hesel m\u00e4\u00e4ral\u00a0<strong>soja, seesamiseemneid, maap\u00e4hkleid, p\u00e4hkleid<\/strong>\u00a0ja\u00a0<strong>muna<\/strong>.\u00a0Parim enne vaata pakendilt.<\/p>\n<p>&nbsp;<\/p>\n<p>\u00dcleliigne tarbimine v\u00f5ib p\u00f5hjustada k\u00f5hulahtisust.<\/p>\n","protected":false},"excerpt":{"rendered":"<p>\u0160okolaadibatoon kr\u00f5beda karamelliga<\/p>\n<p>Suhkruvaba<\/p>\n","protected":false},"featured_media":632,"template":"","meta":{"_gspb_post_css":""},"product_brand":[],"product_cat":[58],"product_tag":[],"class_list":{"0":"post-631","1":"product","2":"type-product","3":"status-publish","4":"has-post-thumbnail","6":"product_cat-suhkruvaba","8":"first","9":"outofstock","10":"taxable","11":"shipping-taxable","12":"purchasable","13":"product-type-simple"},"jetpack_sharing_enabled":true,"_links":{"self":[{"href":"https:\/\/levax.ee\/en\/wp-json\/wp\/v2\/product\/631","targetHints":{"allow":["GET"]}}],"collection":[{"href":"https:\/\/levax.ee\/en\/wp-json\/wp\/v2\/product"}],"about":[{"href":"https:\/\/levax.ee\/en\/wp-json\/wp\/v2\/types\/product"}],"wp:featuredmedia":[{"embeddable":true,"href":"https:\/\/levax.ee\/en\/wp-json\/wp\/v2\/media\/632"}],"wp:attachment":[{"href":"https:\/\/levax.ee\/en\/wp-json\/wp\/v2\/media?parent=631"}],"wp:term":[{"taxonomy":"product_brand","embeddable":true,"href":"https:\/\/levax.ee\/en\/wp-json\/wp\/v2\/product_brand?post=631"},{"taxonomy":"product_cat","embeddable":true,"href":"https:\/\/levax.ee\/en\/wp-json\/wp\/v2\/product_cat?post=631"},{"taxonomy":"product_tag","embeddable":true,"href":"https:\/\/levax.ee\/en\/wp-json\/wp\/v2\/product_tag?post=631"}],"curies":[{"name":"wp","href":"https:\/\/api.w.org\/{rel}","templated":true}]}}