{"id":638,"date":"2023-11-02T10:20:41","date_gmt":"2023-11-02T08:20:41","guid":{"rendered":"https:\/\/levax.ee\/?post_type=product&#038;p=638"},"modified":"2023-11-02T11:41:19","modified_gmt":"2023-11-02T09:41:19","slug":"korduvkasutatavad-korred-24cm-puhastushari","status":"publish","type":"product","link":"https:\/\/levax.ee\/en\/toode\/korduvkasutatavad-korred-24cm-puhastushari\/","title":{"rendered":"Korduvkasutatavad k\u00f5rred 24cm + puhastushari"},"content":{"rendered":"<p>Korduvkasutatavad v\u00e4rvilised joogik\u00f5rred, pikkus\u00a0 24cm.<\/p>\n<p>Kaasas puhastushari.<\/p>\n<p>Komplektis 17 tk<\/p>\n<p>Materjal: plastik<\/p>\n","protected":false},"excerpt":{"rendered":"<p>Korduvkasutatavad k\u00f5rred<\/p>\n<p>Tootja Godan SA<\/p>\n","protected":false},"featured_media":650,"template":"","meta":{"_gspb_post_css":""},"product_brand":[],"product_cat":[53,61],"product_tag":[],"class_list":{"0":"post-638","1":"product","2":"type-product","3":"status-publish","4":"has-post-thumbnail","6":"product_cat-lastenurk","7":"product_cat-ajaviide","9":"first","10":"instock","11":"taxable","12":"shipping-taxable","13":"purchasable","14":"product-type-simple"},"jetpack_sharing_enabled":true,"_links":{"self":[{"href":"https:\/\/levax.ee\/en\/wp-json\/wp\/v2\/product\/638","targetHints":{"allow":["GET"]}}],"collection":[{"href":"https:\/\/levax.ee\/en\/wp-json\/wp\/v2\/product"}],"about":[{"href":"https:\/\/levax.ee\/en\/wp-json\/wp\/v2\/types\/product"}],"wp:featuredmedia":[{"embeddable":true,"href":"https:\/\/levax.ee\/en\/wp-json\/wp\/v2\/media\/650"}],"wp:attachment":[{"href":"https:\/\/levax.ee\/en\/wp-json\/wp\/v2\/media?parent=638"}],"wp:term":[{"taxonomy":"product_brand","embeddable":true,"href":"https:\/\/levax.ee\/en\/wp-json\/wp\/v2\/product_brand?post=638"},{"taxonomy":"product_cat","embeddable":true,"href":"https:\/\/levax.ee\/en\/wp-json\/wp\/v2\/product_cat?post=638"},{"taxonomy":"product_tag","embeddable":true,"href":"https:\/\/levax.ee\/en\/wp-json\/wp\/v2\/product_tag?post=638"}],"curies":[{"name":"wp","href":"https:\/\/api.w.org\/{rel}","templated":true}]}}