{"id":657,"date":"2023-11-04T15:28:30","date_gmt":"2023-11-04T13:28:30","guid":{"rendered":"https:\/\/levax.ee\/?post_type=product&#038;p=657"},"modified":"2023-11-06T11:39:47","modified_gmt":"2023-11-06T09:39:47","slug":"kapapatrull-varvimiskomplekt-paw-patrol-2","status":"publish","type":"product","link":"https:\/\/levax.ee\/en\/toode\/kapapatrull-varvimiskomplekt-paw-patrol-2\/","title":{"rendered":"K\u00e4papatrull v\u00e4rvimiskomplekt, Paw Patrol"},"content":{"rendered":"<p>Paw Patrol , K\u00e4papatrull v\u00e4rvimiskomplekt, vesiv\u00e4rvidega<\/p>\n<p>Komplekti sisu:<br \/>\n&#8211; 8 v\u00e4rvilehte<br \/>\n&#8211; 6 v\u00e4rvi akvarelli<br \/>\n&#8211; 1 plastpintsel<\/p>\n<p>Suurus: 20 * 29 * 1 cm<\/p>\n<p>&nbsp;<\/p>\n<p>Hoiatus! Ei sobi alla 3-aastastele lastele<\/p>\n","protected":false},"excerpt":{"rendered":"<p>K\u00e4papatrull v\u00e4rvimiskomplekt<\/p>\n<p>Paw Patrol<\/p>\n","protected":false},"featured_media":658,"template":"","meta":{"_gspb_post_css":""},"product_brand":[],"product_cat":[64,53],"product_tag":[60],"class_list":{"0":"post-657","1":"product","2":"type-product","3":"status-publish","4":"has-post-thumbnail","6":"product_cat-varvimiseks","7":"product_cat-lastenurk","8":"product_tag-varvimine","10":"first","11":"instock","12":"taxable","13":"shipping-taxable","14":"purchasable","15":"product-type-simple"},"jetpack_sharing_enabled":true,"_links":{"self":[{"href":"https:\/\/levax.ee\/en\/wp-json\/wp\/v2\/product\/657","targetHints":{"allow":["GET"]}}],"collection":[{"href":"https:\/\/levax.ee\/en\/wp-json\/wp\/v2\/product"}],"about":[{"href":"https:\/\/levax.ee\/en\/wp-json\/wp\/v2\/types\/product"}],"wp:featuredmedia":[{"embeddable":true,"href":"https:\/\/levax.ee\/en\/wp-json\/wp\/v2\/media\/658"}],"wp:attachment":[{"href":"https:\/\/levax.ee\/en\/wp-json\/wp\/v2\/media?parent=657"}],"wp:term":[{"taxonomy":"product_brand","embeddable":true,"href":"https:\/\/levax.ee\/en\/wp-json\/wp\/v2\/product_brand?post=657"},{"taxonomy":"product_cat","embeddable":true,"href":"https:\/\/levax.ee\/en\/wp-json\/wp\/v2\/product_cat?post=657"},{"taxonomy":"product_tag","embeddable":true,"href":"https:\/\/levax.ee\/en\/wp-json\/wp\/v2\/product_tag?post=657"}],"curies":[{"name":"wp","href":"https:\/\/api.w.org\/{rel}","templated":true}]}}