{"id":681,"date":"2023-11-05T20:59:54","date_gmt":"2023-11-05T18:59:54","guid":{"rendered":"https:\/\/levax.ee\/?post_type=product&#038;p=681"},"modified":"2023-11-06T11:39:12","modified_gmt":"2023-11-06T09:39:12","slug":"porsas-peppa-pusle-29x40cm-50tk","status":"publish","type":"product","link":"https:\/\/levax.ee\/en\/toode\/porsas-peppa-pusle-29x40cm-50tk\/","title":{"rendered":"P\u00f5rsas Peppa pusle 29x40cm, 50tk"},"content":{"rendered":"<p>P\u00f5rsas Peppa pusle, j\u00e4\u00e4tiseauto, 50 t\u00fckki<\/p>\n<p>Sobib alates 3a.<\/p>\n","protected":false},"excerpt":{"rendered":"<p>P\u00f5rsas Peppa pusle<\/p>\n<p>&nbsp;<\/p>\n<p>Javoli<\/p>\n","protected":false},"featured_media":682,"template":"","meta":{"_gspb_post_css":""},"product_brand":[],"product_cat":[63,53],"product_tag":[62],"class_list":{"0":"post-681","1":"product","2":"type-product","3":"status-publish","4":"has-post-thumbnail","6":"product_cat-pusled","7":"product_cat-lastenurk","8":"product_tag-pusle","10":"first","11":"instock","12":"taxable","13":"shipping-taxable","14":"purchasable","15":"product-type-simple"},"jetpack_sharing_enabled":true,"_links":{"self":[{"href":"https:\/\/levax.ee\/en\/wp-json\/wp\/v2\/product\/681","targetHints":{"allow":["GET"]}}],"collection":[{"href":"https:\/\/levax.ee\/en\/wp-json\/wp\/v2\/product"}],"about":[{"href":"https:\/\/levax.ee\/en\/wp-json\/wp\/v2\/types\/product"}],"wp:featuredmedia":[{"embeddable":true,"href":"https:\/\/levax.ee\/en\/wp-json\/wp\/v2\/media\/682"}],"wp:attachment":[{"href":"https:\/\/levax.ee\/en\/wp-json\/wp\/v2\/media?parent=681"}],"wp:term":[{"taxonomy":"product_brand","embeddable":true,"href":"https:\/\/levax.ee\/en\/wp-json\/wp\/v2\/product_brand?post=681"},{"taxonomy":"product_cat","embeddable":true,"href":"https:\/\/levax.ee\/en\/wp-json\/wp\/v2\/product_cat?post=681"},{"taxonomy":"product_tag","embeddable":true,"href":"https:\/\/levax.ee\/en\/wp-json\/wp\/v2\/product_tag?post=681"}],"curies":[{"name":"wp","href":"https:\/\/api.w.org\/{rel}","templated":true}]}}