{"id":692,"date":"2023-11-05T21:43:02","date_gmt":"2023-11-05T19:43:02","guid":{"rendered":"https:\/\/levax.ee\/?post_type=product&#038;p=692"},"modified":"2024-07-04T12:25:42","modified_gmt":"2024-07-04T09:25:42","slug":"porsas-peppa-pusle-24tk","status":"publish","type":"product","link":"https:\/\/levax.ee\/en\/toode\/porsas-peppa-pusle-24tk\/","title":{"rendered":"P\u00f5rsas Peppa pusle, 24tk"},"content":{"rendered":"<p>P\u00f5rsas Peppa pusle, 24 t\u00fckki<\/p>\n<p>M\u00f5\u00f5dud 30,5&#215;22,5cm<\/p>\n<p>Soovitatav alates 3 eluaastast<\/p>\n","protected":false},"excerpt":{"rendered":"<p>P\u00f5rsas Peppa pusle, 24tk<\/p>\n<p>&nbsp;<\/p>\n<p>Javoli<\/p>\n","protected":false},"featured_media":693,"template":"","meta":{"_gspb_post_css":""},"product_brand":[],"product_cat":[63,53],"product_tag":[62],"class_list":{"0":"post-692","1":"product","2":"type-product","3":"status-publish","4":"has-post-thumbnail","6":"product_cat-pusled","7":"product_cat-lastenurk","8":"product_tag-pusle","10":"first","11":"outofstock","12":"taxable","13":"shipping-taxable","14":"purchasable","15":"product-type-simple"},"jetpack_sharing_enabled":true,"_links":{"self":[{"href":"https:\/\/levax.ee\/en\/wp-json\/wp\/v2\/product\/692","targetHints":{"allow":["GET"]}}],"collection":[{"href":"https:\/\/levax.ee\/en\/wp-json\/wp\/v2\/product"}],"about":[{"href":"https:\/\/levax.ee\/en\/wp-json\/wp\/v2\/types\/product"}],"wp:featuredmedia":[{"embeddable":true,"href":"https:\/\/levax.ee\/en\/wp-json\/wp\/v2\/media\/693"}],"wp:attachment":[{"href":"https:\/\/levax.ee\/en\/wp-json\/wp\/v2\/media?parent=692"}],"wp:term":[{"taxonomy":"product_brand","embeddable":true,"href":"https:\/\/levax.ee\/en\/wp-json\/wp\/v2\/product_brand?post=692"},{"taxonomy":"product_cat","embeddable":true,"href":"https:\/\/levax.ee\/en\/wp-json\/wp\/v2\/product_cat?post=692"},{"taxonomy":"product_tag","embeddable":true,"href":"https:\/\/levax.ee\/en\/wp-json\/wp\/v2\/product_tag?post=692"}],"curies":[{"name":"wp","href":"https:\/\/api.w.org\/{rel}","templated":true}]}}