{"id":699,"date":"2023-11-05T22:07:39","date_gmt":"2023-11-05T20:07:39","guid":{"rendered":"https:\/\/levax.ee\/?post_type=product&#038;p=699"},"modified":"2023-11-06T11:38:06","modified_gmt":"2023-11-06T09:38:06","slug":"ukssarvik-varviraamatud","status":"publish","type":"product","link":"https:\/\/levax.ee\/en\/toode\/ukssarvik-varviraamatud\/","title":{"rendered":"\u00dckssarvik v\u00e4rviraamatud"},"content":{"rendered":"<p>\u00dckssarvik v\u00e4rviraamat &#8220;You are special&#8221;<\/p>\n<p>&nbsp;<\/p>\n<p>Sisaldab:<\/p>\n<p>4 pastelset v\u00e4rvipliiatsit<\/p>\n<p>1xA4 m\u00e4rkmik<\/p>\n<p>1xA5 m\u00e4rkmik<\/p>\n<p>kleepsuleht<\/p>\n<p>Pakendi suurus ca 29,5 x 22,5 x 1,5 cm<\/p>\n","protected":false},"excerpt":{"rendered":"<p>\u00dckssarvik v\u00e4rviraamatud<\/p>\n<p>&nbsp;<\/p>\n","protected":false},"featured_media":709,"template":"","meta":{"_gspb_post_css":""},"product_brand":[],"product_cat":[53,64],"product_tag":[60],"class_list":{"0":"post-699","1":"product","2":"type-product","3":"status-publish","4":"has-post-thumbnail","6":"product_cat-lastenurk","7":"product_cat-varvimiseks","8":"product_tag-varvimine","10":"first","11":"instock","12":"taxable","13":"shipping-taxable","14":"purchasable","15":"product-type-simple"},"jetpack_sharing_enabled":true,"_links":{"self":[{"href":"https:\/\/levax.ee\/en\/wp-json\/wp\/v2\/product\/699","targetHints":{"allow":["GET"]}}],"collection":[{"href":"https:\/\/levax.ee\/en\/wp-json\/wp\/v2\/product"}],"about":[{"href":"https:\/\/levax.ee\/en\/wp-json\/wp\/v2\/types\/product"}],"wp:featuredmedia":[{"embeddable":true,"href":"https:\/\/levax.ee\/en\/wp-json\/wp\/v2\/media\/709"}],"wp:attachment":[{"href":"https:\/\/levax.ee\/en\/wp-json\/wp\/v2\/media?parent=699"}],"wp:term":[{"taxonomy":"product_brand","embeddable":true,"href":"https:\/\/levax.ee\/en\/wp-json\/wp\/v2\/product_brand?post=699"},{"taxonomy":"product_cat","embeddable":true,"href":"https:\/\/levax.ee\/en\/wp-json\/wp\/v2\/product_cat?post=699"},{"taxonomy":"product_tag","embeddable":true,"href":"https:\/\/levax.ee\/en\/wp-json\/wp\/v2\/product_tag?post=699"}],"curies":[{"name":"wp","href":"https:\/\/api.w.org\/{rel}","templated":true}]}}