{"id":733,"date":"2023-11-07T11:24:20","date_gmt":"2023-11-07T09:24:20","guid":{"rendered":"https:\/\/levax.ee\/?post_type=product&#038;p=733"},"modified":"2023-11-07T12:08:16","modified_gmt":"2023-11-07T10:08:16","slug":"jean-claude-olivier-mitsellaarvesi-200ml","status":"publish","type":"product","link":"https:\/\/levax.ee\/en\/toode\/jean-claude-olivier-mitsellaarvesi-200ml\/","title":{"rendered":"Jean Claude Olivier mitsellaarvesi, 200ml"},"content":{"rendered":"<p>Jean Claude Olivier mitsellaarvesi, 200ml<\/p>\n<p>Gl\u00fckoolhappel p\u00f5hinev keemiline koorimine, mis eemaldab surnud rakud ja soodustab nende uuenemist.<\/p>\n<p>J\u00e4tab naha siledaks ja sametiseks.<\/p>\n<p>Ideaalne naha vananemise, pigmendikahjustuste ja aknearmide raviks.<\/p>\n<p>Selle tulemused on n\u00e4htavad juba esimesest pealekandmisest ja suurenevad j\u00e4rk-j\u00e4rgult.<\/p>\n<p>Nahk on pingul, s\u00e4rav, kortsud, tumedad laigud ja vananemism\u00e4rgid v\u00e4henevad.<\/p>\n<p>Nahatoon muutub \u00fchtlasemaks.<\/p>\n<p>Poorid ja ebat\u00e4iusused v\u00e4henevad.<\/p>\n<p>&nbsp;<\/p>\n<p><a href=\"https:\/\/jeanclaudeolivier.com\/producto\/agua-micelar-200ml\/\" rel=\"nofollow noopener\" target=\"_blank\">Tootja koduleht<\/a><\/p>\n","protected":false},"excerpt":{"rendered":"<p>Jean Claude Olivier mitsellaarvesi, 200ml<\/p>\n<p>Toodetud Hispaanias<\/p>\n","protected":false},"featured_media":734,"template":"","meta":{"_gspb_post_css":""},"product_brand":[],"product_cat":[46,15,67],"product_tag":[69],"class_list":{"0":"post-733","1":"product","2":"type-product","3":"status-publish","4":"has-post-thumbnail","6":"product_cat-ilu-heaks","7":"product_cat-maaramata","8":"product_cat-naohooldus","9":"product_tag-naohooldus","11":"first","12":"instock","13":"taxable","14":"shipping-taxable","15":"purchasable","16":"product-type-simple"},"jetpack_sharing_enabled":true,"_links":{"self":[{"href":"https:\/\/levax.ee\/en\/wp-json\/wp\/v2\/product\/733","targetHints":{"allow":["GET"]}}],"collection":[{"href":"https:\/\/levax.ee\/en\/wp-json\/wp\/v2\/product"}],"about":[{"href":"https:\/\/levax.ee\/en\/wp-json\/wp\/v2\/types\/product"}],"wp:featuredmedia":[{"embeddable":true,"href":"https:\/\/levax.ee\/en\/wp-json\/wp\/v2\/media\/734"}],"wp:attachment":[{"href":"https:\/\/levax.ee\/en\/wp-json\/wp\/v2\/media?parent=733"}],"wp:term":[{"taxonomy":"product_brand","embeddable":true,"href":"https:\/\/levax.ee\/en\/wp-json\/wp\/v2\/product_brand?post=733"},{"taxonomy":"product_cat","embeddable":true,"href":"https:\/\/levax.ee\/en\/wp-json\/wp\/v2\/product_cat?post=733"},{"taxonomy":"product_tag","embeddable":true,"href":"https:\/\/levax.ee\/en\/wp-json\/wp\/v2\/product_tag?post=733"}],"curies":[{"name":"wp","href":"https:\/\/api.w.org\/{rel}","templated":true}]}}