{"id":737,"date":"2023-11-07T11:57:20","date_gmt":"2023-11-07T09:57:20","guid":{"rendered":"https:\/\/levax.ee\/?post_type=product&#038;p=737"},"modified":"2025-10-17T14:48:39","modified_gmt":"2025-10-17T11:48:39","slug":"jean-claude-olivier-kaeravesi-200ml","status":"publish","type":"product","link":"https:\/\/levax.ee\/en\/toode\/jean-claude-olivier-kaeravesi-200ml\/","title":{"rendered":"Jean Claude Olivier Kaeravesi, 200ml"},"content":{"rendered":"<p>Jean Claude Olivier Kaeravesi, 200ml<\/p>\n<p>KAERA VESI<\/p>\n<p>Kaeraekstraktiga n\u00e4ovesi niisutab, pehmendab ja toniseerib \u00f5rna ja tundlikku nahka, pakkudes v\u00e4rskust ja heaolutunnet.<\/p>\n<p>Selle ainulaadne ja p\u00fcsiv koostis kaeravees annab sellele rahustavad ja \u00e4rritusvastased omadused.<\/p>\n<p>Soovitatav tundlikule nahale.<\/p>\n<p>Pihusta n\u00e4ole enne meikimist, et nahka niisutada.\u00a0Enne kuivatamist laske sellel m\u00f5ni minut m\u00f5juda.<\/p>\n<p>Igap\u00e4evane kasutamine enne mis tahes n\u00e4ohooldust.<\/p>\n<p>&nbsp;<\/p>\n<p><a href=\"https:\/\/jeanclaudeolivier.com\/producto\/agua-avena-200ml\/\" rel=\"nofollow noopener\" target=\"_blank\">Tootja koduleht<\/a><\/p>\n<p>&nbsp;<\/p>\n","protected":false},"excerpt":{"rendered":"<p>Jean Claude Olivier Kaeravesi, 200ml<\/p>\n<p>&nbsp;<\/p>\n<p>Toodetud Hispaanias<\/p>\n","protected":false},"featured_media":738,"template":"","meta":{"_gspb_post_css":""},"product_brand":[],"product_cat":[67,46],"product_tag":[69],"class_list":{"0":"post-737","1":"product","2":"type-product","3":"status-publish","4":"has-post-thumbnail","6":"product_cat-naohooldus","7":"product_cat-ilu-heaks","8":"product_tag-naohooldus","10":"first","11":"instock","12":"taxable","13":"shipping-taxable","14":"purchasable","15":"product-type-simple"},"jetpack_sharing_enabled":true,"_links":{"self":[{"href":"https:\/\/levax.ee\/en\/wp-json\/wp\/v2\/product\/737","targetHints":{"allow":["GET"]}}],"collection":[{"href":"https:\/\/levax.ee\/en\/wp-json\/wp\/v2\/product"}],"about":[{"href":"https:\/\/levax.ee\/en\/wp-json\/wp\/v2\/types\/product"}],"wp:featuredmedia":[{"embeddable":true,"href":"https:\/\/levax.ee\/en\/wp-json\/wp\/v2\/media\/738"}],"wp:attachment":[{"href":"https:\/\/levax.ee\/en\/wp-json\/wp\/v2\/media?parent=737"}],"wp:term":[{"taxonomy":"product_brand","embeddable":true,"href":"https:\/\/levax.ee\/en\/wp-json\/wp\/v2\/product_brand?post=737"},{"taxonomy":"product_cat","embeddable":true,"href":"https:\/\/levax.ee\/en\/wp-json\/wp\/v2\/product_cat?post=737"},{"taxonomy":"product_tag","embeddable":true,"href":"https:\/\/levax.ee\/en\/wp-json\/wp\/v2\/product_tag?post=737"}],"curies":[{"name":"wp","href":"https:\/\/api.w.org\/{rel}","templated":true}]}}