{"id":744,"date":"2023-11-07T14:33:33","date_gmt":"2023-11-07T12:33:33","guid":{"rendered":"https:\/\/levax.ee\/?post_type=product&#038;p=744"},"modified":"2023-11-07T14:35:46","modified_gmt":"2023-11-07T12:35:46","slug":"jean-paul-olivier-juuste-valjalangemise-vastane-sampoon-250ml","status":"publish","type":"product","link":"https:\/\/levax.ee\/en\/toode\/jean-paul-olivier-juuste-valjalangemise-vastane-sampoon-250ml\/","title":{"rendered":"Jean Claude Olivier juuste v\u00e4ljalangemise vastane \u0161ampoon, 250ml"},"content":{"rendered":"<p>Jean ClaudeOlivier (JCO) juuste v\u00e4ljalangemise vastane \u0161ampoon, 250ml<\/p>\n<p>Selle vitamiinide ja taimse platsenta rikas valem stimuleerib verevoolu, tugevdab juuksekiudu ja v\u00f5itleb aktiivselt juuste v\u00e4ljalangemise vastu.<\/p>\n<p>Kasutusjuhend: Kanna m\u00e4rgadele juustele, masseeri peanahasse ja loputa. Korrake pesu, laske m\u00f5ni minut m\u00f5juda ja loputage rohke veega.<\/p>\n<p>&nbsp;<\/p>\n<p>&nbsp;<\/p>\n<p>Toodetud Hispaanias<\/p>\n<p><a href=\"https:\/\/jeanclaudeolivier.com\/producto\/champu-fortificante-anti-caida-250-ml\/\" rel=\"nofollow noopener\" target=\"_blank\">Tootja koduleht<\/a><\/p>\n","protected":false},"excerpt":{"rendered":"<p>Jean Claude Olivier juuste v\u00e4ljalangemise vastane \u0161ampoon, 250ml<\/p>\n","protected":false},"featured_media":745,"template":"","meta":{"_gspb_post_css":""},"product_brand":[],"product_cat":[46,68,15],"product_tag":[71,70],"class_list":{"0":"post-744","1":"product","2":"type-product","3":"status-publish","4":"has-post-thumbnail","6":"product_cat-ilu-heaks","7":"product_cat-juuksehooldus","8":"product_cat-maaramata","9":"product_tag-ilu-heaks","10":"product_tag-juuksehooldus","12":"first","13":"instock","14":"taxable","15":"shipping-taxable","16":"purchasable","17":"product-type-simple"},"jetpack_sharing_enabled":true,"_links":{"self":[{"href":"https:\/\/levax.ee\/en\/wp-json\/wp\/v2\/product\/744","targetHints":{"allow":["GET"]}}],"collection":[{"href":"https:\/\/levax.ee\/en\/wp-json\/wp\/v2\/product"}],"about":[{"href":"https:\/\/levax.ee\/en\/wp-json\/wp\/v2\/types\/product"}],"wp:featuredmedia":[{"embeddable":true,"href":"https:\/\/levax.ee\/en\/wp-json\/wp\/v2\/media\/745"}],"wp:attachment":[{"href":"https:\/\/levax.ee\/en\/wp-json\/wp\/v2\/media?parent=744"}],"wp:term":[{"taxonomy":"product_brand","embeddable":true,"href":"https:\/\/levax.ee\/en\/wp-json\/wp\/v2\/product_brand?post=744"},{"taxonomy":"product_cat","embeddable":true,"href":"https:\/\/levax.ee\/en\/wp-json\/wp\/v2\/product_cat?post=744"},{"taxonomy":"product_tag","embeddable":true,"href":"https:\/\/levax.ee\/en\/wp-json\/wp\/v2\/product_tag?post=744"}],"curies":[{"name":"wp","href":"https:\/\/api.w.org\/{rel}","templated":true}]}}