{"id":75,"date":"2023-06-06T12:23:59","date_gmt":"2023-06-06T09:23:59","guid":{"rendered":"https:\/\/levax.ee\/?post_type=product&#038;p=75"},"modified":"2024-09-12T19:47:36","modified_gmt":"2024-09-12T16:47:36","slug":"proteiinibatoon-60g-valku-vanilje-45g","status":"publish","type":"product","link":"https:\/\/levax.ee\/en\/toode\/proteiinibatoon-60g-valku-vanilje-45g\/","title":{"rendered":"Proteiinibatoon, 60g valku, vanilje 45g"},"content":{"rendered":"<p>Kvaliteetne valgubatoon sisaldab 27g valku batooni kohta ja ainult 0,3g suhkrut.\u00a0Batoonil on suurep\u00e4rane BCAA ja L-glutamiini sisaldus.<\/p>\n<p>Koostisained:<\/p>\n<p>piimavalkpiimavalgu isolaat, Kaltsiumkaseinaat, Vadakuvalgu kontsentraat, kollageeni h\u00fcdrol\u00fcsaat, Gl\u00fctseriin, Vesi, Kakaov\u00f5i5,5%, L-glutamiin, Maltitool (E965), Sukraloos, Kakao mass, Riisijahu, sool, Sojaletsitiin 0,2%, L-leutsiini0,2%, L-isoleutsiinitsinkgl\u00fckonaat 0,01%, L-valiin<\/p>\n<table width=\"192\">\n<tbody>\n<tr>\n<td width=\"64\"><\/td>\n<td width=\"64\">100 g<\/td>\n<td width=\"64\">portsjon, 45g<\/td>\n<\/tr>\n<tr>\n<td width=\"64\">Energeetiline v\u00e4\u00e4rtus<\/td>\n<td style=\"font-weight: inherit\" width=\"64\">1537 \/ 367 kJ \/ kcal<\/td>\n<td style=\"font-weight: inherit\" width=\"64\">691 \/ 165 kJ \/ kcal<\/td>\n<\/tr>\n<tr>\n<td width=\"64\">Rasvad,<\/td>\n<td style=\"font-weight: inherit\" width=\"64\">9,7 g<\/td>\n<td style=\"font-weight: inherit\" width=\"64\">4,4 g<\/td>\n<\/tr>\n<tr>\n<td width=\"64\">K\u00fcllastunud rasvad<\/td>\n<td style=\"font-weight: inherit\" width=\"64\">5,9 g<\/td>\n<td style=\"font-weight: inherit\" width=\"64\">2,7 g<\/td>\n<\/tr>\n<tr>\n<td width=\"64\">s\u00fcsivesikud,<\/td>\n<td style=\"font-weight: inherit\" width=\"64\">15 g<\/td>\n<td style=\"font-weight: inherit\" width=\"64\">6,8 g<\/td>\n<\/tr>\n<tr>\n<td width=\"64\">suhkrud<\/td>\n<td style=\"font-weight: inherit\" width=\"64\">14 g<\/td>\n<td style=\"font-weight: inherit\" width=\"64\">6,1 g<\/td>\n<\/tr>\n<tr>\n<td width=\"64\">pol\u00fcoolid<\/td>\n<td style=\"font-weight: inherit\" width=\"64\">0,5 g<\/td>\n<td style=\"font-weight: inherit\" width=\"64\">0,2 g<\/td>\n<\/tr>\n<tr>\n<td width=\"64\">Valk<\/td>\n<td width=\"64\">60 g<\/td>\n<td width=\"64\">27 g<\/td>\n<\/tr>\n<tr style=\"font-weight: inherit\">\n<td width=\"64\">Sool<\/td>\n<td style=\"font-weight: inherit\" width=\"64\">0,58 g<\/td>\n<td style=\"font-weight: inherit\" width=\"64\">0,26 g<\/td>\n<\/tr>\n<tr style=\"font-weight: inherit\">\n<td width=\"64\">tsink<\/td>\n<td style=\"font-weight: inherit\" width=\"64\">11 mg<\/td>\n<td style=\"font-weight: inherit\" width=\"64\">5mgs<\/td>\n<\/tr>\n<\/tbody>\n<\/table>\n<p>&nbsp;<\/p>\n<table class=\"product-ingredients substances\" cellspacing=\"0\">\n<thead>\n<tr>\n<th>Koostisained<\/th>\n<th class=\"column header odd\">100 g kohta<\/th>\n<th class=\"column header even\">portsjoni kohta (45 g)<\/th>\n<\/tr>\n<\/thead>\n<tbody>\n<tr class=\"odd\">\n<th>L-glutamiin<\/th>\n<td class=\"column odd value\">5,556 mg<\/td>\n<td class=\"column even value\">2,500 mg<\/td>\n<\/tr>\n<tr class=\"even\">\n<th>L-isoleutsiin<\/th>\n<td class=\"column odd value\">2,222 mg<\/td>\n<td class=\"column even value\">1000 mgs<\/td>\n<\/tr>\n<tr class=\"odd\">\n<th>L-leutsiin<\/th>\n<td class=\"column odd value\">4,444 mg<\/td>\n<td class=\"column even value\">2000 mg<\/td>\n<\/tr>\n<tr class=\"even\">\n<th>L-valiin<\/th>\n<td class=\"column odd value\">2,222 mg<\/td>\n<td class=\"column even value\">1000 mgs<\/td>\n<\/tr>\n<\/tbody>\n<\/table>\n","protected":false},"excerpt":{"rendered":"<p>&nbsp;<\/p>\n<p>Proteiinibatoon<\/p>\n<p>Weider, Saksamaa<\/p>\n","protected":false},"featured_media":76,"template":"","meta":{"_gspb_post_css":""},"product_brand":[],"product_cat":[32,34],"product_tag":[],"class_list":{"0":"post-75","1":"product","2":"type-product","3":"status-publish","4":"has-post-thumbnail","6":"product_cat-proteiin","7":"product_cat-batoonid","9":"first","10":"outofstock","11":"taxable","12":"shipping-taxable","13":"purchasable","14":"product-type-simple"},"jetpack_sharing_enabled":true,"_links":{"self":[{"href":"https:\/\/levax.ee\/en\/wp-json\/wp\/v2\/product\/75","targetHints":{"allow":["GET"]}}],"collection":[{"href":"https:\/\/levax.ee\/en\/wp-json\/wp\/v2\/product"}],"about":[{"href":"https:\/\/levax.ee\/en\/wp-json\/wp\/v2\/types\/product"}],"wp:featuredmedia":[{"embeddable":true,"href":"https:\/\/levax.ee\/en\/wp-json\/wp\/v2\/media\/76"}],"wp:attachment":[{"href":"https:\/\/levax.ee\/en\/wp-json\/wp\/v2\/media?parent=75"}],"wp:term":[{"taxonomy":"product_brand","embeddable":true,"href":"https:\/\/levax.ee\/en\/wp-json\/wp\/v2\/product_brand?post=75"},{"taxonomy":"product_cat","embeddable":true,"href":"https:\/\/levax.ee\/en\/wp-json\/wp\/v2\/product_cat?post=75"},{"taxonomy":"product_tag","embeddable":true,"href":"https:\/\/levax.ee\/en\/wp-json\/wp\/v2\/product_tag?post=75"}],"curies":[{"name":"wp","href":"https:\/\/api.w.org\/{rel}","templated":true}]}}