{"id":757,"date":"2023-11-07T16:31:29","date_gmt":"2023-11-07T14:31:29","guid":{"rendered":"https:\/\/levax.ee\/?post_type=product&#038;p=757"},"modified":"2023-11-07T16:31:30","modified_gmt":"2023-11-07T14:31:30","slug":"jean-claude-olivier-keratiiniga-sampoon-250ml","status":"publish","type":"product","link":"https:\/\/levax.ee\/en\/toode\/jean-claude-olivier-keratiiniga-sampoon-250ml\/","title":{"rendered":"Jean Claude Olivier keratiiniga \u0161ampoon, 250ml"},"content":{"rendered":"<p>Jean Claude Olivier keratiiniga \u0161ampoon, 250ml<\/p>\n<p><span>Taastav \u0161ampoon keratiiniga.\u00a0<\/span><\/p>\n<p><span>Suure j\u00f5uga \u0161ampoon juuste taastamiseks. <\/span><\/p>\n<p><span>\u0160ampoon parandab juuksekarva, muutes selle siledaks ja \u00fchtlaseks. <\/span><span>Samuti annab see niisutust j\u00e4rgnevaks f\u00f6\u00f6niga kuivatamiseks ja sirgendamiseks.<\/span><\/p>\n<p><span>Kasutamine: Kandke k\u00e4tele ja jaotage \u00fchtlaselt niisketele juustele, masseerige kindlalt \u00fcle kogu pea ja puhastage rohke veega.<\/span><\/p>\n<p>&nbsp;<\/p>\n<p>Toodetud Hispaanias<\/p>\n<p><a href=\"https:\/\/jeanclaudeolivier.com\/producto\/champu-reconsructor-con-keratina\/\" rel=\"nofollow noopener\" target=\"_blank\">Tootja koduleht<\/a><\/p>\n","protected":false},"excerpt":{"rendered":"<p>Jean Claude Olivier keratiiniga \u0161ampoon, 250ml<\/p>\n","protected":false},"featured_media":758,"template":"","meta":{"_gspb_post_css":""},"product_brand":[],"product_cat":[68,46],"product_tag":[71,70],"class_list":{"0":"post-757","1":"product","2":"type-product","3":"status-publish","4":"has-post-thumbnail","6":"product_cat-juuksehooldus","7":"product_cat-ilu-heaks","8":"product_tag-ilu-heaks","9":"product_tag-juuksehooldus","11":"first","12":"instock","13":"taxable","14":"shipping-taxable","15":"purchasable","16":"product-type-simple"},"jetpack_sharing_enabled":true,"_links":{"self":[{"href":"https:\/\/levax.ee\/en\/wp-json\/wp\/v2\/product\/757","targetHints":{"allow":["GET"]}}],"collection":[{"href":"https:\/\/levax.ee\/en\/wp-json\/wp\/v2\/product"}],"about":[{"href":"https:\/\/levax.ee\/en\/wp-json\/wp\/v2\/types\/product"}],"wp:featuredmedia":[{"embeddable":true,"href":"https:\/\/levax.ee\/en\/wp-json\/wp\/v2\/media\/758"}],"wp:attachment":[{"href":"https:\/\/levax.ee\/en\/wp-json\/wp\/v2\/media?parent=757"}],"wp:term":[{"taxonomy":"product_brand","embeddable":true,"href":"https:\/\/levax.ee\/en\/wp-json\/wp\/v2\/product_brand?post=757"},{"taxonomy":"product_cat","embeddable":true,"href":"https:\/\/levax.ee\/en\/wp-json\/wp\/v2\/product_cat?post=757"},{"taxonomy":"product_tag","embeddable":true,"href":"https:\/\/levax.ee\/en\/wp-json\/wp\/v2\/product_tag?post=757"}],"curies":[{"name":"wp","href":"https:\/\/api.w.org\/{rel}","templated":true}]}}