{"id":858,"date":"2023-11-29T23:45:39","date_gmt":"2023-11-29T21:45:39","guid":{"rendered":"https:\/\/levax.ee\/?post_type=product&#038;p=858"},"modified":"2023-11-29T23:45:39","modified_gmt":"2023-11-29T21:45:39","slug":"puidust-kuubikud-abc","status":"publish","type":"product","link":"https:\/\/levax.ee\/en\/toode\/puidust-kuubikud-abc\/","title":{"rendered":"Puidust kuubikud, ABC"},"content":{"rendered":"<p><span>Puidust kuubikud,\u00a0 ABC, 12x12x36cm<\/span><\/p>\n<p>Geomeetrilised kujundid tuleb sisestada \u00f5igetest avadest.<\/p>\n<p>Kuubikutele tr\u00fckitud t\u00e4hed peavad olema virnastatud \u00f5iges j\u00e4rjekorras.<br \/>\nTr\u00fckitud t\u00e4hed peavad olema virnastatud \u00f5iges j\u00e4rjekorras. Suurep\u00e4rane algus t\u00e4hestiku \u00f5ppimiseks ning kasutades motoorikat ka k\u00e4elise tegevuse arendamiseks suurep\u00e4rane m\u00e4ng.<\/p>\n<p><span>Materjal: puit<\/span><\/p>\n<p><span>V\u00e4rvus: Mitmev\u00e4rviline<\/span><\/p>\n<p><span>Vanusesoovitus: alates 12 kuust<\/span><\/p>\n<p><span>Kauba suurus, pakkimata: suurim kuubik ca.\u00a012 x 12 x 12 cm, ruut u.\u00a03 x 3 x 3 cm<\/span><\/p>\n<p><span>Kauba suurus pakendis: 14&#215;12,5x24cm<\/span><\/p>\n<p><span>Tooter\u00fchmad: motoorne oskus ja \u00f5ppimine, motoorsete oskuste m\u00e4nguasjad<\/span><\/p>\n<p>Soovitatav vanusele 12+ kuud<\/p>\n","protected":false},"excerpt":{"rendered":"<p>Puidust kuubikud,\u00a0 ABC<\/p>\n<p>&nbsp;<\/p>\n<p>Tootja Small Foot<\/p>\n<p>Saksamaa<\/p>\n","protected":false},"featured_media":859,"template":"","meta":{"_gspb_post_css":""},"product_brand":[],"product_cat":[73,53],"product_tag":[],"class_list":{"0":"post-858","1":"product","2":"type-product","3":"status-publish","4":"has-post-thumbnail","6":"product_cat-motoorika","7":"product_cat-lastenurk","9":"first","10":"instock","11":"taxable","12":"shipping-taxable","13":"purchasable","14":"product-type-simple"},"jetpack_sharing_enabled":true,"_links":{"self":[{"href":"https:\/\/levax.ee\/en\/wp-json\/wp\/v2\/product\/858","targetHints":{"allow":["GET"]}}],"collection":[{"href":"https:\/\/levax.ee\/en\/wp-json\/wp\/v2\/product"}],"about":[{"href":"https:\/\/levax.ee\/en\/wp-json\/wp\/v2\/types\/product"}],"wp:featuredmedia":[{"embeddable":true,"href":"https:\/\/levax.ee\/en\/wp-json\/wp\/v2\/media\/859"}],"wp:attachment":[{"href":"https:\/\/levax.ee\/en\/wp-json\/wp\/v2\/media?parent=858"}],"wp:term":[{"taxonomy":"product_brand","embeddable":true,"href":"https:\/\/levax.ee\/en\/wp-json\/wp\/v2\/product_brand?post=858"},{"taxonomy":"product_cat","embeddable":true,"href":"https:\/\/levax.ee\/en\/wp-json\/wp\/v2\/product_cat?post=858"},{"taxonomy":"product_tag","embeddable":true,"href":"https:\/\/levax.ee\/en\/wp-json\/wp\/v2\/product_tag?post=858"}],"curies":[{"name":"wp","href":"https:\/\/api.w.org\/{rel}","templated":true}]}}