{"id":87,"date":"2023-06-06T13:00:58","date_gmt":"2023-06-06T10:00:58","guid":{"rendered":"https:\/\/levax.ee\/?post_type=product&#038;p=87"},"modified":"2024-07-29T19:35:47","modified_gmt":"2024-07-29T16:35:47","slug":"veganz-kummikarud-100g","status":"publish","type":"product","link":"https:\/\/levax.ee\/en\/toode\/veganz-kummikarud-100g\/","title":{"rendered":"Veganz kummikarud, 100g"},"content":{"rendered":"<p>Puuviljamaitselised kummikommid.<\/p>\n<p>Koostis:<\/p>\n<p>Gl\u00fckoosisiirup, peedisuhkur, geelistav aine: pektiinid; hape: sidrunhape; happesuse regulaatorid: naatriumtartraadid, kaaliumtartraadid; looduslikud l\u00f5hna- ja maitseained, looduslikud sidrunimaitseained, looduslikud apelsinimaitseained teiste looduslike l\u00f5hna- ja maitseainetega, v\u00e4rvained: kontsentreeritud leedrimarja mahl, kurkumi ekstrakt, spirulina ekstrakt; glasuurimisaine: karnaubavaha.<\/p>\n<table style=\"border-collapse: collapse;width: 96pt;min-width: 0px;min-height: 0px;border-spacing: 0px;text-align: start\" border=\"0\" width=\"128\" cellspacing=\"0\" cellpadding=\"0\" data-v-33cd2938=\"\">\n<tbody>\n<tr style=\"height: 15.0pt;min-width: 0px;min-height: 0px\" data-v-33cd2938=\"\">\n<td class=\"xl66\" style=\"height: 15.0pt;width: 96pt\" colspan=\"2\" width=\"128\" height=\"20\">100 grammi kohta<\/td>\n<\/tr>\n<tr style=\"height: 16.5pt;min-width: 0px;min-height: 0px\" data-v-33cd2938=\"\">\n<td class=\"xl67\" style=\"height: 16.5pt;border-top: none;width: 48pt\" width=\"64\" height=\"22\">Energiasisaldus (KJ\/Kcal)<\/td>\n<td class=\"xl65\" style=\"border-top: none;width: 48pt;min-width: 0px;min-height: 0px;padding: var(--indent);border-right: var(--color-bg);background: var(--color-bg-secondary)\" width=\"64\" data-v-33cd2938=\"\">1359,8kJ\/325kcal<\/td>\n<\/tr>\n<tr style=\"height: 15.0pt;min-width: 0px;min-height: 0px\" data-v-33cd2938=\"\">\n<td class=\"xl67\" style=\"height: 15.0pt;width: 48pt\" width=\"64\" height=\"20\">Rasvad (g)<\/td>\n<td class=\"xl65\" style=\"width: 48pt;min-width: 0px;min-height: 0px;padding: var(--indent);border-right: var(--color-bg);background: var(--color-bg-secondary)\" width=\"64\" data-v-33cd2938=\"\">0,5<\/td>\n<\/tr>\n<tr style=\"height: 24.5pt;min-width: 0px;min-height: 0px\" data-v-33cd2938=\"\">\n<td class=\"xl67\" style=\"height: 24.5pt;width: 48pt\" width=\"64\" height=\"33\">Millest k\u00fcllastunud rasvhapped (g)<\/td>\n<td class=\"xl65\" style=\"width: 48pt;min-width: 0px;min-height: 0px;padding: var(--indent);border-right: var(--color-bg);background: var(--color-bg-secondary)\" width=\"64\" data-v-33cd2938=\"\">0,1<\/td>\n<\/tr>\n<tr style=\"height: 15.0pt;min-width: 0px;min-height: 0px\" data-v-33cd2938=\"\">\n<td class=\"xl67\" style=\"height: 15.0pt;width: 48pt\" width=\"64\" height=\"20\">S\u00fcsivesikud (g)<\/td>\n<td class=\"xl65\" style=\"width: 48pt;min-width: 0px;min-height: 0px;padding: var(--indent);border-right: var(--color-bg);background: var(--color-bg-secondary)\" width=\"64\" data-v-33cd2938=\"\">79<\/td>\n<\/tr>\n<tr style=\"height: 16.5pt;min-width: 0px;min-height: 0px\" data-v-33cd2938=\"\">\n<td class=\"xl67\" style=\"height: 16.5pt;width: 48pt\" width=\"64\" height=\"22\">Millest suhkrud (g)<\/td>\n<td class=\"xl65\" style=\"width: 48pt;min-width: 0px;min-height: 0px;padding: var(--indent);border-right: var(--color-bg);background: var(--color-bg-secondary)\" width=\"64\" data-v-33cd2938=\"\">59<\/td>\n<\/tr>\n<tr style=\"height: 15.0pt;min-width: 0px;min-height: 0px\" data-v-33cd2938=\"\">\n<td class=\"xl67\" style=\"height: 15.0pt;width: 48pt\" width=\"64\" height=\"20\">Valgud (g)<\/td>\n<td class=\"xl65\" style=\"width: 48pt;min-width: 0px;min-height: 0px;padding: var(--indent);border-right: var(--color-bg);background: var(--color-bg-secondary)\" width=\"64\" data-v-33cd2938=\"\">0,5<\/td>\n<\/tr>\n<tr style=\"height: 14.5pt;min-width: 0px;min-height: 0px\" data-v-33cd2938=\"\">\n<td class=\"xl67\" style=\"height: 14.5pt;width: 48pt\" width=\"64\" height=\"19\">Sool (g)<\/td>\n<td class=\"xl65\" style=\"width: 48pt;min-width: 0px;min-height: 0px;padding: var(--indent);border-right: var(--color-bg);background: var(--color-bg-secondary);border-bottom-right-radius: var(--border-radius)\" width=\"64\" data-v-33cd2938=\"\">0,22<\/td>\n<\/tr>\n<\/tbody>\n<\/table>\n","protected":false},"excerpt":{"rendered":"<p>Veganz, Saksamaa<\/p>\n","protected":false},"featured_media":111,"template":"","meta":{"_gspb_post_css":""},"product_brand":[],"product_cat":[44,50,30,51],"product_tag":[],"class_list":{"0":"post-87","1":"product","2":"type-product","3":"status-publish","4":"has-post-thumbnail","6":"product_cat-kommid","7":"product_cat-brandid","8":"product_cat-vegan","9":"product_cat-veganz","11":"first","12":"outofstock","13":"taxable","14":"shipping-taxable","15":"purchasable","16":"product-type-simple"},"jetpack_sharing_enabled":true,"_links":{"self":[{"href":"https:\/\/levax.ee\/en\/wp-json\/wp\/v2\/product\/87","targetHints":{"allow":["GET"]}}],"collection":[{"href":"https:\/\/levax.ee\/en\/wp-json\/wp\/v2\/product"}],"about":[{"href":"https:\/\/levax.ee\/en\/wp-json\/wp\/v2\/types\/product"}],"wp:featuredmedia":[{"embeddable":true,"href":"https:\/\/levax.ee\/en\/wp-json\/wp\/v2\/media\/111"}],"wp:attachment":[{"href":"https:\/\/levax.ee\/en\/wp-json\/wp\/v2\/media?parent=87"}],"wp:term":[{"taxonomy":"product_brand","embeddable":true,"href":"https:\/\/levax.ee\/en\/wp-json\/wp\/v2\/product_brand?post=87"},{"taxonomy":"product_cat","embeddable":true,"href":"https:\/\/levax.ee\/en\/wp-json\/wp\/v2\/product_cat?post=87"},{"taxonomy":"product_tag","embeddable":true,"href":"https:\/\/levax.ee\/en\/wp-json\/wp\/v2\/product_tag?post=87"}],"curies":[{"name":"wp","href":"https:\/\/api.w.org\/{rel}","templated":true}]}}