{"id":874,"date":"2023-11-29T23:55:28","date_gmt":"2023-11-29T21:55:28","guid":{"rendered":"https:\/\/levax.ee\/?post_type=product&#038;p=874"},"modified":"2023-11-30T00:01:04","modified_gmt":"2023-11-29T22:01:04","slug":"ladumiskuubikud-lemmikloomad-6tk","status":"publish","type":"product","link":"https:\/\/levax.ee\/en\/toode\/ladumiskuubikud-lemmikloomad-6tk\/","title":{"rendered":"Ladumiskuubikud, lemmikloomad, 6tk"},"content":{"rendered":"<p>Ladumiskuubikud, lemmikloomad, 6tk<\/p>\n<p>K\u00f5ik lemmikloomad tuleb m\u00e4\u00e4rata nende \u00f5igesse magamiskohta! Erinevad kuubikud saab asetada \u00fcksteise peale nii, et k\u00fcljele ilmub armsate loomade peremees.<\/p>\n<ul>\n<li>Tugevast papist kuubikute virnastamine kuue puidust loomakujukesega<\/li>\n<li>Inimese kujutis ilmub torni k\u00fclgedele, kui kuubikud on laotud \u00f5iges j\u00e4rjekorras<\/li>\n<li>Ukse- ja aknaavad kujukese sisestamiseks<\/li>\n<li>Iga loomakujukese saab sorteerida \u00f5igesse kuubikusse<\/li>\n<li>Annab teadmisi loomade, v\u00e4rvide ja suuruste kohta<\/li>\n<li>Ruumi s\u00e4\u00e4stmiseks saab kuubikuid \u00fcksteise sisse asetada<\/li>\n<li>Virnastamine ja sisestamine treenib motoorseid oskusi<\/li>\n<\/ul>\n<p>M\u00f5\u00f5dud: Suur kuubik: u.\u00a012 x 12 x 12 cm Koer: umbes 5,5 x 4,5 x 1,5 cm<\/p>\n<p>Materjal: Papp, puit<\/p>\n<p>Sisaldab 6 kuubikut nig 6 looma kujukest<\/p>\n<p>Soovituslik vanusele 12+ kuud<\/p>\n","protected":false},"excerpt":{"rendered":"<p>Ladumiskuubikud, lemmikloomad, 6tk<\/p>\n<p>Tootja: Small Foot, Saksamaa<\/p>\n","protected":false},"featured_media":876,"template":"","meta":{"_gspb_post_css":""},"product_brand":[],"product_cat":[53,15,73],"product_tag":[74,75,76],"class_list":{"0":"post-874","1":"product","2":"type-product","3":"status-publish","4":"has-post-thumbnail","6":"product_cat-lastenurk","7":"product_cat-maaramata","8":"product_cat-motoorika","9":"product_tag-lastenurk","10":"product_tag-manguasjad","11":"product_tag-motoorika","13":"first","14":"instock","15":"taxable","16":"shipping-taxable","17":"purchasable","18":"product-type-simple"},"jetpack_sharing_enabled":true,"_links":{"self":[{"href":"https:\/\/levax.ee\/en\/wp-json\/wp\/v2\/product\/874","targetHints":{"allow":["GET"]}}],"collection":[{"href":"https:\/\/levax.ee\/en\/wp-json\/wp\/v2\/product"}],"about":[{"href":"https:\/\/levax.ee\/en\/wp-json\/wp\/v2\/types\/product"}],"wp:featuredmedia":[{"embeddable":true,"href":"https:\/\/levax.ee\/en\/wp-json\/wp\/v2\/media\/876"}],"wp:attachment":[{"href":"https:\/\/levax.ee\/en\/wp-json\/wp\/v2\/media?parent=874"}],"wp:term":[{"taxonomy":"product_brand","embeddable":true,"href":"https:\/\/levax.ee\/en\/wp-json\/wp\/v2\/product_brand?post=874"},{"taxonomy":"product_cat","embeddable":true,"href":"https:\/\/levax.ee\/en\/wp-json\/wp\/v2\/product_cat?post=874"},{"taxonomy":"product_tag","embeddable":true,"href":"https:\/\/levax.ee\/en\/wp-json\/wp\/v2\/product_tag?post=874"}],"curies":[{"name":"wp","href":"https:\/\/api.w.org\/{rel}","templated":true}]}}