{"id":897,"date":"2023-11-30T00:17:56","date_gmt":"2023-11-29T22:17:56","guid":{"rendered":"https:\/\/levax.ee\/?post_type=product&#038;p=897"},"modified":"2025-02-03T14:16:31","modified_gmt":"2025-02-03T12:16:31","slug":"helitorn-klaaskuulikestega","status":"publish","type":"product","link":"https:\/\/levax.ee\/en\/toode\/helitorn-klaaskuulikestega\/","title":{"rendered":"Helitorn"},"content":{"rendered":"<p>Helitorn klaaskuulikestega<\/p>\n<p>Vaadake ja kuulake \u2013 see helitorn on t\u00f5eline helielamus!<\/p>\n<p>Kui klaaskuulike on\u00a0 puidust kuuli sisestatud, hakkab see liikuma k\u00f5rgematest toonidest alumise sektsiooni madalamate toonide poole.<\/p>\n<p>Lisaks: v\u00e4rsked \u00fcksteist t\u00e4iendavad vikerkaarev\u00e4rvid muudavad selle akustilise marmori dekoratiivseks pilgup\u00fc\u00fcdjaks nii kodus kui lasteaias!<\/p>\n<p>Lastele meeldib katsetada! Kasutades k\u00f5ikv\u00f5imalikke erinevaid kuule, saate selle elegantse helitorniga teha p\u00f5nevaid m\u00fcraeksperimente: n\u00e4iteks kuidas see k\u00f5lab hunniku klaaskuulikestega korraga? Kuidas kuulikeste vaheline ruum heliefekti muudab?<\/p>\n<p>Siin on palju kauakestvat meelelahutust garanteeritud!<\/p>\n<p>&nbsp;<\/p>\n<p>Materjal:Puit<\/p>\n<p>Soovituslik alates 3+aastat, kuna sisaldab v\u00e4ikeseid osi.<\/p>\n","protected":false},"excerpt":{"rendered":"<p>Helitorn klaaskuulikestega<\/p>\n<p>&nbsp;<\/p>\n<p>Tootja Small Foot, Saksamaa<\/p>\n","protected":false},"featured_media":898,"template":"","meta":{"_gspb_post_css":""},"product_brand":[],"product_cat":[53,73],"product_tag":[77,74,75,76],"class_list":{"0":"post-897","1":"product","2":"type-product","3":"status-publish","4":"has-post-thumbnail","6":"product_cat-lastenurk","7":"product_cat-motoorika","8":"product_tag-kuubikud","9":"product_tag-lastenurk","10":"product_tag-manguasjad","11":"product_tag-motoorika","13":"first","14":"instock","15":"taxable","16":"shipping-taxable","17":"purchasable","18":"product-type-simple"},"jetpack_sharing_enabled":true,"_links":{"self":[{"href":"https:\/\/levax.ee\/en\/wp-json\/wp\/v2\/product\/897","targetHints":{"allow":["GET"]}}],"collection":[{"href":"https:\/\/levax.ee\/en\/wp-json\/wp\/v2\/product"}],"about":[{"href":"https:\/\/levax.ee\/en\/wp-json\/wp\/v2\/types\/product"}],"wp:featuredmedia":[{"embeddable":true,"href":"https:\/\/levax.ee\/en\/wp-json\/wp\/v2\/media\/898"}],"wp:attachment":[{"href":"https:\/\/levax.ee\/en\/wp-json\/wp\/v2\/media?parent=897"}],"wp:term":[{"taxonomy":"product_brand","embeddable":true,"href":"https:\/\/levax.ee\/en\/wp-json\/wp\/v2\/product_brand?post=897"},{"taxonomy":"product_cat","embeddable":true,"href":"https:\/\/levax.ee\/en\/wp-json\/wp\/v2\/product_cat?post=897"},{"taxonomy":"product_tag","embeddable":true,"href":"https:\/\/levax.ee\/en\/wp-json\/wp\/v2\/product_tag?post=897"}],"curies":[{"name":"wp","href":"https:\/\/api.w.org\/{rel}","templated":true}]}}