{"id":91,"date":"2023-06-06T13:17:56","date_gmt":"2023-06-06T10:17:56","guid":{"rendered":"https:\/\/levax.ee\/?post_type=product&#038;p=91"},"modified":"2024-09-12T19:48:07","modified_gmt":"2024-09-12T16:48:07","slug":"veganz-proteiinibatoon-cookie-dough-50g","status":"publish","type":"product","link":"https:\/\/levax.ee\/en\/toode\/veganz-proteiinibatoon-cookie-dough-50g\/","title":{"rendered":"Veganz proteiinibatoon, cookie dough, 50g ( PARIM ENNE M\u00d6\u00d6DAS)"},"content":{"rendered":"<p>Veganz proteiinibatoon<\/p>\n<p>Orgaaniline 20% valgusisaldusega valgubatoon, kaetud tumeda \u0161okolaadi kattega (kakao: v\u00e4hemalt 60%), k\u00fcpsise maitsega.<\/p>\n<p>Koostis:<\/p>\n<p>Tume \u0161okolaadi kate* (17%) (kakaomass*, roosuhkur*, kakaov\u00f5i*), riisisiirup*, datlisiirup*, agaavisiirup*, herneproteiin*, pruuni riisi proteiin*, SOJAPUNANE*, kakaoseemned* r\u00f6stitud (5,0%), kookos\u00f5li*, looduslikud maitseained, k\u00f5rvitsaseemneproteiin*, meresool. *kontrollitud maheviljelusest<br \/>\nKoostis: Sisaldab: soja. V\u00f5imalikud j\u00e4ljed: oder, kaer, sarapuup\u00e4hkel, mandlid, nisu, maap\u00e4hklid, gluteen, piim, muna<\/p>\n<table width=\"141\">\n<tbody>\n<tr>\n<td rowspan=\"2\" width=\"77\"><\/td>\n<td width=\"64\"><\/td>\n<\/tr>\n<tr>\n<td width=\"64\">100g<\/td>\n<\/tr>\n<tr>\n<td rowspan=\"2\" width=\"77\">energiat<\/td>\n<td width=\"64\">1648 kj<\/td>\n<\/tr>\n<tr>\n<td width=\"64\">394 kcal<\/td>\n<\/tr>\n<tr>\n<td width=\"77\">Paks<\/td>\n<td width=\"64\">14g<\/td>\n<\/tr>\n<tr>\n<td width=\"77\">K\u00fcllastunud rasvhapped<\/td>\n<td width=\"64\">9,2 g<\/td>\n<\/tr>\n<tr>\n<td width=\"77\">s\u00fcsivesikuid<\/td>\n<td width=\"64\">45g<\/td>\n<\/tr>\n<tr>\n<td width=\"77\">Suhkur<\/td>\n<td width=\"64\">37 g<\/td>\n<\/tr>\n<tr>\n<td width=\"77\">valk<\/td>\n<td width=\"64\">20g<\/td>\n<\/tr>\n<tr>\n<td width=\"77\">soola<\/td>\n<td width=\"64\">0,85 g<\/td>\n<\/tr>\n<\/tbody>\n<\/table>\n<p>Sildid, sertifikaadid, auhinnad: Mahe , Taimetoit , EL mahem\u00e4\u00e4rus , EL -v\u00e4line p\u00f5llumajandus , Vegan , DE-\u00d6KO-001 , DE-\u00d6KO-005 , EG Mahem\u00e4\u00e4rus , EL p\u00f5llumajandus , EL\/ELi mittekuuluv p\u00f5llumajandus , Euroopa Taimetoitlaste Liit<\/p>\n","protected":false},"excerpt":{"rendered":"<p>Prim enne 12.2023!<\/p>\n<p>&nbsp;<\/p>\n<p>Veganz proteiinibatoon<\/p>\n<p>Toodetud Saksamaal<\/p>\n","protected":false},"featured_media":994,"template":"","meta":{"_gspb_post_css":""},"product_brand":[],"product_cat":[32,34,50,45,30,51],"product_tag":[59,88],"class_list":{"0":"post-91","1":"product","2":"type-product","3":"status-publish","4":"has-post-thumbnail","6":"product_cat-proteiin","7":"product_cat-batoonid","8":"product_cat-brandid","9":"product_cat-proteiinibatoonid","10":"product_cat-vegan","11":"product_cat-veganz","12":"product_tag-proteiin","13":"product_tag-veganz","15":"first","16":"outofstock","17":"sale","18":"taxable","19":"shipping-taxable","20":"purchasable","21":"product-type-simple"},"jetpack_sharing_enabled":true,"_links":{"self":[{"href":"https:\/\/levax.ee\/en\/wp-json\/wp\/v2\/product\/91","targetHints":{"allow":["GET"]}}],"collection":[{"href":"https:\/\/levax.ee\/en\/wp-json\/wp\/v2\/product"}],"about":[{"href":"https:\/\/levax.ee\/en\/wp-json\/wp\/v2\/types\/product"}],"wp:featuredmedia":[{"embeddable":true,"href":"https:\/\/levax.ee\/en\/wp-json\/wp\/v2\/media\/994"}],"wp:attachment":[{"href":"https:\/\/levax.ee\/en\/wp-json\/wp\/v2\/media?parent=91"}],"wp:term":[{"taxonomy":"product_brand","embeddable":true,"href":"https:\/\/levax.ee\/en\/wp-json\/wp\/v2\/product_brand?post=91"},{"taxonomy":"product_cat","embeddable":true,"href":"https:\/\/levax.ee\/en\/wp-json\/wp\/v2\/product_cat?post=91"},{"taxonomy":"product_tag","embeddable":true,"href":"https:\/\/levax.ee\/en\/wp-json\/wp\/v2\/product_tag?post=91"}],"curies":[{"name":"wp","href":"https:\/\/api.w.org\/{rel}","templated":true}]}}