{"id":923,"date":"2023-12-10T20:43:49","date_gmt":"2023-12-10T18:43:49","guid":{"rendered":"https:\/\/levax.ee\/?post_type=product&#038;p=923"},"modified":"2024-07-29T19:14:40","modified_gmt":"2024-07-29T16:14:40","slug":"kakaokupsised-hands-off-my-chocolate-vegan-100g","status":"publish","type":"product","link":"https:\/\/levax.ee\/en\/toode\/kakaokupsised-hands-off-my-chocolate-vegan-100g\/","title":{"rendered":"Kakaok\u00fcpsised, &#8220;Hands off my chocolate&#8221;, Vegan, 100g"},"content":{"rendered":"<p>Kakaok\u00fcpsised, &#8220;Hands off my chocolate&#8221;, Vegan, 100g<\/p>\n<p>&nbsp;<\/p>\n<p><span>Hands Off My Chocolate Cocoa Cookie on maitsva taimse \u0161okolaadiga k\u00fcpsis. <\/span><span>Maitsev 3-kihiline k\u00fcpsis rohke kakao- ja sarapuup\u00e4hklipastaga.<\/span><\/p>\n<p><span>Tumeda \u0161okolaadi, heleda vaniljekreemi ja kr\u00f5mpsuvate kakaok\u00fcpsiset\u00fckkidega on see\u00a0 t\u00f5eline maiuspala.<\/span><\/p>\n<p>Koostis:<\/p>\n<p>Suhkur, kakaov\u00f5i, sarapuup\u00e4hklipralinee (10%) [ sarapuup\u00e4hkel , suhkur, l\u00f5hna- ja maitseaine, emulgaator (letsitiinid: soja )], inuliin, kakaov\u00f5i, tumedad k\u00fcpsised (7%) [nisujahu, valge t\u00e4idis (suhkur, taimerasv: kookosp\u00e4hkel) ja palm, emulgaator: letsitiin, looduslik vanilje maitseaine, happesuse regulaator: sidrunhape], suhkur, gl\u00fckoosi-fruktoosisiirup, taimerasv (palmi), vesi, madala rasvasisaldusega kakaopulber, kergitusained (ammooniumvesinikkarbonaat, naatriumkarbonaat), nisu t\u00e4rklis , sool, emulgaator (lektiinid), l\u00f5hna- ja maitseaine (looduslik maitseaine )], riisipulber (riisisiirup, riisijahu), madala rasvasisaldusega kakaopulber, riisisiirup, riisijahu, emulgaatorid [letsitiinid, letsitiinid ( soja )], l\u00f5hna- ja maitseained ( looduslik vanilje maitse, looduslik kakao maitse, happesuse regulaatorid (kaaliumkarbonaat, naatriumh\u00fcdroksiid).<\/p>\n<p>&nbsp;<\/p>\n<p><strong><span>Toitev\u00e4\u00e4rtus 100 g kohta:<\/span><\/strong><\/p>\n<div><b><span>Energia<\/span><\/b><span>\u00a0:<\/span><\/div>\n<div class=\"margin-bottom\"><span>2208kJ\/528kcal<\/span><\/div>\n<div><b><span>Rasv<\/span><\/b><span>\u00a0:<\/span><\/div>\n<div class=\"margin-bottom\"><span>32g<\/span><\/div>\n<div><b><span>sellest: k\u00fcllastunud rasvhapped<\/span><\/b><span>\u00a0:<\/span><\/div>\n<div class=\"margin-bottom\"><span>17g<\/span><\/div>\n<div><b><span>S\u00fcsivesikud<\/span><\/b><span>\u00a0:<\/span><\/div>\n<div class=\"margin-bottom\"><span>52 g<\/span><\/div>\n<div><b><span>millest suhkur<\/span><\/b><span>\u00a0:<\/span><\/div>\n<div class=\"margin-bottom\"><span>41g<\/span><\/div>\n<div><b><span>Valk<\/span><\/b><span>\u00a0:<\/span><\/div>\n<div class=\"margin-bottom\"><span>3,1 g<\/span><\/div>\n<div><b><span>Sool<\/span><\/b><span>\u00a0:<\/span><\/div>\n<div class=\"margin-bottom\"><span>0,31 g<\/span><\/div>\n<p>&nbsp;<\/p>\n<p>&nbsp;<\/p>\n","protected":false},"excerpt":{"rendered":"<p>Kakaok\u00fcpsised, &#8220;Hands off my chocolate&#8221;, Vegan, 100g<\/p>\n<p>&nbsp;<\/p>\n<p>P\u00e4ritolumaa: Holland<\/p>\n","protected":false},"featured_media":924,"template":"","meta":{"_gspb_post_css":""},"product_brand":[],"product_cat":[30,78],"product_tag":[80,79],"class_list":{"0":"post-923","1":"product","2":"type-product","3":"status-publish","4":"has-post-thumbnail","6":"product_cat-vegan","7":"product_cat-kupsised-vegan","8":"product_tag-kupsis","9":"product_tag-vegan","11":"first","12":"outofstock","13":"taxable","14":"shipping-taxable","15":"purchasable","16":"product-type-simple"},"jetpack_sharing_enabled":true,"_links":{"self":[{"href":"https:\/\/levax.ee\/en\/wp-json\/wp\/v2\/product\/923","targetHints":{"allow":["GET"]}}],"collection":[{"href":"https:\/\/levax.ee\/en\/wp-json\/wp\/v2\/product"}],"about":[{"href":"https:\/\/levax.ee\/en\/wp-json\/wp\/v2\/types\/product"}],"wp:featuredmedia":[{"embeddable":true,"href":"https:\/\/levax.ee\/en\/wp-json\/wp\/v2\/media\/924"}],"wp:attachment":[{"href":"https:\/\/levax.ee\/en\/wp-json\/wp\/v2\/media?parent=923"}],"wp:term":[{"taxonomy":"product_brand","embeddable":true,"href":"https:\/\/levax.ee\/en\/wp-json\/wp\/v2\/product_brand?post=923"},{"taxonomy":"product_cat","embeddable":true,"href":"https:\/\/levax.ee\/en\/wp-json\/wp\/v2\/product_cat?post=923"},{"taxonomy":"product_tag","embeddable":true,"href":"https:\/\/levax.ee\/en\/wp-json\/wp\/v2\/product_tag?post=923"}],"curies":[{"name":"wp","href":"https:\/\/api.w.org\/{rel}","templated":true}]}}