{"id":939,"date":"2023-12-10T21:18:45","date_gmt":"2023-12-10T19:18:45","guid":{"rendered":"https:\/\/levax.ee\/?post_type=product&#038;p=939"},"modified":"2026-03-18T09:25:11","modified_gmt":"2026-03-18T07:25:11","slug":"gum-hambageel-lastele-2-6a-50ml","status":"publish","type":"product","link":"https:\/\/levax.ee\/en\/toode\/gum-hambageel-lastele-2-6a-50ml\/","title":{"rendered":"GUM hambageel lastele 2-6a, 50ml"},"content":{"rendered":"<h4>GUM hambageel lastele 2-6a, 50ml<\/h4>\n<p>Maasikamaitseline.<\/p>\n<p>GUM Kids ja Junior hambapastad on spetsiaalselt v\u00e4lja t\u00f6\u00f6tatud maksimaalse kaariesekaitse ja hambaemaili maksimaalseks tugevdamiseks.\u00a0See saavutatakse t\u00e4nu ainulaadsele ja patenteeritud fluoriidi ja isomalti kombinatsioonile.\u00a0Preparaat ei sisalda parabeene, naatriumlaur\u00fc\u00fclsulfaati ega limoneeni.<\/p>\n<p>Ennetab hambaaukude teket ja kaitseb hambaemaili happelise erosiooni vastu. \u00d5rn laste igemetele ja piimahammastele. Geeljas tekstuur ja madal abrasiivsus.<\/p>\n<p>Igap\u00e4evaseks kasutamiseks m\u00f5eldud hambapasta lastele vanuses 2+a. Hambapasta on maheda maasikamaitsega.<\/p>\n","protected":false},"excerpt":{"rendered":"<p>GUM hambageel lastele 2-6a, 50ml<\/p>\n<p>&nbsp;<\/p>\n<p>Tootja:<\/p>\n<p>Sunstar Europe S. A., \u0160veits<\/p>\n<p>&nbsp;<\/p>\n<p>&nbsp;<\/p>\n","protected":false},"featured_media":940,"template":"","meta":{"_gspb_post_css":""},"product_brand":[],"product_cat":[86,46,81],"product_tag":[84,87,85],"class_list":{"0":"post-939","1":"product","2":"type-product","3":"status-publish","4":"has-post-thumbnail","6":"product_cat-hambapastad","7":"product_cat-ilu-heaks","8":"product_cat-suuhooldus","9":"product_tag-gum","10":"product_tag-hambapasta","11":"product_tag-suuhooldus","13":"first","14":"instock","15":"taxable","16":"shipping-taxable","17":"purchasable","18":"product-type-simple"},"jetpack_sharing_enabled":true,"_links":{"self":[{"href":"https:\/\/levax.ee\/en\/wp-json\/wp\/v2\/product\/939","targetHints":{"allow":["GET"]}}],"collection":[{"href":"https:\/\/levax.ee\/en\/wp-json\/wp\/v2\/product"}],"about":[{"href":"https:\/\/levax.ee\/en\/wp-json\/wp\/v2\/types\/product"}],"wp:featuredmedia":[{"embeddable":true,"href":"https:\/\/levax.ee\/en\/wp-json\/wp\/v2\/media\/940"}],"wp:attachment":[{"href":"https:\/\/levax.ee\/en\/wp-json\/wp\/v2\/media?parent=939"}],"wp:term":[{"taxonomy":"product_brand","embeddable":true,"href":"https:\/\/levax.ee\/en\/wp-json\/wp\/v2\/product_brand?post=939"},{"taxonomy":"product_cat","embeddable":true,"href":"https:\/\/levax.ee\/en\/wp-json\/wp\/v2\/product_cat?post=939"},{"taxonomy":"product_tag","embeddable":true,"href":"https:\/\/levax.ee\/en\/wp-json\/wp\/v2\/product_tag?post=939"}],"curies":[{"name":"wp","href":"https:\/\/api.w.org\/{rel}","templated":true}]}}