{"id":958,"date":"2024-01-20T16:35:05","date_gmt":"2024-01-20T14:35:05","guid":{"rendered":"https:\/\/levax.ee\/?post_type=product&#038;p=958"},"modified":"2025-05-02T01:57:34","modified_gmt":"2025-05-01T22:57:34","slug":"gum-paroex-006-chx-hambakatuvastane-suuvesi-500ml","status":"publish","type":"product","link":"https:\/\/levax.ee\/en\/toode\/gum-paroex-006-chx-hambakatuvastane-suuvesi-500ml\/","title":{"rendered":"Gum Paroex 0,06% CHX hambakatuvastane suuvesi 500ml"},"content":{"rendered":"<h4>Gum Paroex 0,06% CHX hambakatuvastane suuvesi 500ml<\/h4>\n<p>&nbsp;<\/p>\n<p><b>Gum Paroex 0.06% CHX hambakatuvastane suuvesi<\/b>\u00a0(kloorheksidiindigl\u00fckonaadi sisaldusega) on professionaalne abi hambakatu vastu igemete optimaalse tervise tagamiseks. Igap\u00e4evane ennetus. Suuvee koostises on kahetoimeline hambakatu vastane s\u00fcsteem, mis sisaldab j\u00e4rgmisi toimeaineid:<\/p>\n<ul>\n<li>Kloorheksidiindigl\u00fckonaat (0.06%) on professionaalne vahend hambakatu eemaldamiseks ja igemete tervise s\u00e4ilitamiseks. Laiatoimeline antiseptik, mis k\u00f5rvaldab ja ennetab pikaks ajaks hambakattu ja igemeprobleeme p\u00f5hjustavate bakterite kasvu.<\/li>\n<li>CPC (tset\u00fc\u00fclp\u00fcridiinkloriid 0.05%) \u2013 mikroobidevastane aine, mis v\u00f5imendab kloorheksidiini toimet ja aitab bakterite poolt eritatavaid toksiine paremini neutraliseerida.<\/li>\n<\/ul>\n<p><b>Kasutamine:<\/b>\u00a0Toode on valmis kasutamiseks lahjendamata kujul. Valage m\u00f5\u00f5dun\u00f5usse 10 kuni 15ml suuloputusvett. Loputage suud 30 sekundit ja s\u00fclitage v\u00e4lja. Kasutage kaks korda p\u00e4evas p\u00e4rast hammaste harjamist.<\/p>\n<p><b>Hoiatused ja ettevaatusabin\u00f5ud:<\/b>\u00a0AINULT T\u00c4ISKASVANUTELE. Mitte alla neelata. \u00c4rge kasutage teadaoleva tundlikkuse v\u00f5i allergiate puhul toote koostisainete suhtes (nt kloorheksidiindigl\u00fckonaat). J\u00e4rgige toote v\u00e4lispakendil toodud hoiatusi ja ettevaatusabin\u00f5usid.<\/p>\n<p><b>Koostis:<\/b>\u00a0Aqua, Glycerin, Propylene glycol, PEG-40 hydrogenated castor oil, Aroma, Sodium\u00a0citrate, Chlorhexidine digluconate, Cetylpyridinium chloride, Sucralose, Citric acid.<\/p>\n","protected":false},"excerpt":{"rendered":"<p>Gum Paroex 0,06% CHX hambakatuvastane suuvesi 500ml<\/p>\n","protected":false},"featured_media":959,"template":"","meta":{"_gspb_post_css":""},"product_brand":[],"product_cat":[46,86,81],"product_tag":[84,85],"class_list":{"0":"post-958","1":"product","2":"type-product","3":"status-publish","4":"has-post-thumbnail","6":"product_cat-ilu-heaks","7":"product_cat-hambapastad","8":"product_cat-suuhooldus","9":"product_tag-gum","10":"product_tag-suuhooldus","12":"first","13":"outofstock","14":"taxable","15":"shipping-taxable","16":"purchasable","17":"product-type-simple"},"jetpack_sharing_enabled":true,"_links":{"self":[{"href":"https:\/\/levax.ee\/en\/wp-json\/wp\/v2\/product\/958","targetHints":{"allow":["GET"]}}],"collection":[{"href":"https:\/\/levax.ee\/en\/wp-json\/wp\/v2\/product"}],"about":[{"href":"https:\/\/levax.ee\/en\/wp-json\/wp\/v2\/types\/product"}],"wp:featuredmedia":[{"embeddable":true,"href":"https:\/\/levax.ee\/en\/wp-json\/wp\/v2\/media\/959"}],"wp:attachment":[{"href":"https:\/\/levax.ee\/en\/wp-json\/wp\/v2\/media?parent=958"}],"wp:term":[{"taxonomy":"product_brand","embeddable":true,"href":"https:\/\/levax.ee\/en\/wp-json\/wp\/v2\/product_brand?post=958"},{"taxonomy":"product_cat","embeddable":true,"href":"https:\/\/levax.ee\/en\/wp-json\/wp\/v2\/product_cat?post=958"},{"taxonomy":"product_tag","embeddable":true,"href":"https:\/\/levax.ee\/en\/wp-json\/wp\/v2\/product_tag?post=958"}],"curies":[{"name":"wp","href":"https:\/\/api.w.org\/{rel}","templated":true}]}}