{"id":962,"date":"2024-01-20T16:43:56","date_gmt":"2024-01-20T14:43:56","guid":{"rendered":"https:\/\/levax.ee\/?post_type=product&#038;p=962"},"modified":"2025-06-29T23:02:54","modified_gmt":"2025-06-29T20:02:54","slug":"gum-paroex-012-chx-hambakatuvastane-suuvesi-300ml","status":"publish","type":"product","link":"https:\/\/levax.ee\/en\/toode\/gum-paroex-012-chx-hambakatuvastane-suuvesi-300ml\/","title":{"rendered":"Gum Paroex 0,12% CHX hambakatuvastane suuvesi 300ml"},"content":{"rendered":"<h4 class=\"product_title entry-title\">Gum Paroex 0,12% CHX hambakatuvastane suuvesi 300ml<\/h4>\n<p>&nbsp;<\/p>\n<p><b>Gum Paroex 0.12% CHX suuvesi<\/b>\u00a0(kloorheksidiindigl\u00fckonaadi sisaldusega) on professionaalne hambakatuvastane suuvesi t\u00f5husa ja intensiivse toimega. Suuvesi on m\u00f5eldud l\u00fchiajaliseks kasutamiseks. Professionaalne kaitse hambakatu eest tervete igemete tagamiseks. Suuvee koostises on t\u00e4iustatud kahetoimeline hambakatu vastane s\u00fcsteem, mis sisaldab j\u00e4rgmisi toimeaineid:<\/p>\n<ul>\n<li>Kloorheksidiindigl\u00fckonaat 0.12% \u2013 professionaalne vahend hambakatu eemaldamiseks ja igemete tervise taastamiseks.\u00a0Laiatoimeline antiseptik, mis k\u00f5rvaldab ja ennetab pikaks ajaks hambakattu ja igemeprobleeme p\u00f5hjustavate bakterite kasvu.<\/li>\n<li>CPC (tset\u00fc\u00fclp\u00fcridiinkloriid) 0.05% \u2013 mikroobidevastane aine, mis v\u00f5imendab kloorheksidiini toimeid ja aitab bakterite poolt eritatavaid toksiine paremini neutraliseerida.<\/li>\n<\/ul>\n<p><b>Kasutamine:<\/b>\u00a0Toode on valmis kasutamiseks lahjendamata kujul. T\u00e4itke kaasasolev kork\u00a010-15ml suuloputusvahendiga. Loputage suud 30 sekundit ja s\u00fclitage seej\u00e4rel vedelik\u00a0v\u00e4lja. Kasutage kaks korda p\u00e4evas p\u00e4rast hammaste pesemist.<\/p>\n<p><b>Hoiatused ja ettevaatusabin\u00f5ud:<\/b>\u00a0Ainult t\u00e4iskasvanutele. V\u00e4lispidiseks kasutamiseks. Mitte alla neelata. Mitte kasutada, kui on teadaolev tundlikkus v\u00f5i allergia toote koostisainete (nt\u00a0kloorheksidiindigl\u00fckonaat) vastu.<\/p>\n<p><b>Koostis:<\/b>\u00a0Aqua, Glycerin, Propylene glycol, PEG-40 hydrogenated castor oil, Aroma,\u00a0Chlorhexidine digluconate, Sodium citrate, Cetylpyridinium chloride, Sucralose, Citric\u00a0acid, CI 14720.<\/p>\n","protected":false},"excerpt":{"rendered":"<p class=\"product_title entry-title\">Gum Paroex 0,12% CHX hambakatuvastane suuvesi 300ml<\/p>\n<p>&nbsp;<\/p>\n","protected":false},"featured_media":963,"template":"","meta":{"_gspb_post_css":""},"product_brand":[],"product_cat":[46,86,81],"product_tag":[84,85],"class_list":{"0":"post-962","1":"product","2":"type-product","3":"status-publish","4":"has-post-thumbnail","6":"product_cat-ilu-heaks","7":"product_cat-hambapastad","8":"product_cat-suuhooldus","9":"product_tag-gum","10":"product_tag-suuhooldus","12":"first","13":"instock","14":"taxable","15":"shipping-taxable","16":"purchasable","17":"product-type-simple"},"jetpack_sharing_enabled":true,"_links":{"self":[{"href":"https:\/\/levax.ee\/en\/wp-json\/wp\/v2\/product\/962","targetHints":{"allow":["GET"]}}],"collection":[{"href":"https:\/\/levax.ee\/en\/wp-json\/wp\/v2\/product"}],"about":[{"href":"https:\/\/levax.ee\/en\/wp-json\/wp\/v2\/types\/product"}],"wp:featuredmedia":[{"embeddable":true,"href":"https:\/\/levax.ee\/en\/wp-json\/wp\/v2\/media\/963"}],"wp:attachment":[{"href":"https:\/\/levax.ee\/en\/wp-json\/wp\/v2\/media?parent=962"}],"wp:term":[{"taxonomy":"product_brand","embeddable":true,"href":"https:\/\/levax.ee\/en\/wp-json\/wp\/v2\/product_brand?post=962"},{"taxonomy":"product_cat","embeddable":true,"href":"https:\/\/levax.ee\/en\/wp-json\/wp\/v2\/product_cat?post=962"},{"taxonomy":"product_tag","embeddable":true,"href":"https:\/\/levax.ee\/en\/wp-json\/wp\/v2\/product_tag?post=962"}],"curies":[{"name":"wp","href":"https:\/\/api.w.org\/{rel}","templated":true}]}}