{"id":30,"date":"2023-06-06T11:31:15","date_gmt":"2023-06-06T08:31:15","guid":{"rendered":"https:\/\/levax.ee\/?post_type=product&#038;p=30"},"modified":"2024-09-12T19:42:47","modified_gmt":"2024-09-12T16:42:47","slug":"proteiinibatoon-60g-valku-45g","status":"publish","type":"product","link":"https:\/\/levax.ee\/ru\/toode\/proteiinibatoon-60g-valku-45g\/","title":{"rendered":"Proteiinibatoon, 60g valku, soolakaramell, 45g, Weider"},"content":{"rendered":"<p>Parima maitsega proteiinibatoon 60% valgusisaldusega. Suhkruvaba.<\/p>\n<p>\u00dcks v\u00e4hestest nii suure diferentseeritud valgukoormusega, mis annab tervelt 4g puhtaid BCAA aminohappeid ja lisaks 5mg tsinki.<\/p>\n<p>Kokkuv\u00f5tvalt \u2013 arvestades selle \u00fclik\u00f5rgeid toiteproportsioone, madalat s\u00fcsivesikute sisaldust ja madalat energiasisaldust, on batoon \u00fcllatavalt maitsev.<\/p>\n<p>27 g valku ja ainult 167 kcal on proportsioonid, mida ei saa eirata. Weider proteiinibatoonil on suurep\u00e4rased makrod, hea maitse, hea koostis, sealhulgas valk erinevatest kvaliteetsetest allikatest.<\/p>\n<p>T\u00f5hus segu erinevatest valguallikatest Weider 60% Protein Bar valgusegus sisaldab:<\/p>\n<p>piimavalgu isolaat<br \/>\nkaltsiumkaseinaat<br \/>\nvadakupalsami kontsentraat<br \/>\nkollageeni h\u00fcdrol\u00fcsaat<\/p>\n<p>Erinevate valguallikate kombinatsioon muudab selle sn\u00e4ki eriti huvitavaks k\u00f5igile sportlastele, kes soovivad valgu imendumist moduleerida, kombineerides erinevate omadustega valku.<\/p>\n<p>Koostis: piimavalk (piimavalgu isolaat, kaltsiumkaseinaat (piim), vadakukontsentraat (piim)), kollageenh\u00fcdrol\u00fcsaat, niiskuses\u00e4ilitaja: gl\u00fctserool (E422); kakaov\u00f5i, 5,3% L-glutamiin, magusaine: maltitiool (E965); kakaomass, isoleeritud sojavalk, maap\u00e4hklid 0,5%, l\u00f5hna- ja maitseaine, emulgaator: letsitiin (E322) (soja); sool, 0,2% L-leutsiin, 0,2% L-isoleutsiin, kakaopulber, tapiokit\u00e4rklis, tsinkgl\u00fckonaat, magusaine: sukraloos (E955); 0,01% L-valiin<\/p>\n<p>Magusainete sisalduse t\u00f5ttu v\u00f5ib liigne tarbimine p\u00f5hjustada lahtistavat toimet!<\/p>\n<p>Allergeenid: piim, sojaoad, maap\u00e4hklid; munade, gluteeni, maap\u00e4hklite ja s\u00f6\u00f6davate p\u00e4hklite v\u00f5imalik olemasolu<\/p>\n<table width=\"228\">\n<tbody>\n<tr>\n<td width=\"100\"><\/td>\n<td width=\"64\">Portsion 45\u00a0g<\/td>\n<td width=\"64\">\u00a0100\u00a0g<\/td>\n<\/tr>\n<tr>\n<td width=\"100\">Energeetiline v\u00e4\u00e4rtus kcal<\/td>\n<td width=\"64\">167,00 \u00a0kcal<\/td>\n<td width=\"64\">371,11 \u00a0kcal<\/td>\n<\/tr>\n<tr>\n<td width=\"100\">kJ<\/td>\n<td width=\"64\">699,2<\/td>\n<td width=\"64\">1553,77<\/td>\n<\/tr>\n<tr>\n<td width=\"100\">Rasvad,<\/td>\n<td width=\"64\">4,5<\/td>\n<td width=\"64\">10<\/td>\n<\/tr>\n<tr>\n<td width=\"100\">K\u00fcllastunud rasvad<\/td>\n<td width=\"64\">2,7<\/td>\n<td width=\"64\">6<\/td>\n<\/tr>\n<tr>\n<td width=\"100\">s\u00fcsivesikud,<\/td>\n<td width=\"64\">7,2<\/td>\n<td width=\"64\">16<\/td>\n<\/tr>\n<tr>\n<td width=\"100\">suhkrud<\/td>\n<td width=\"64\">0,3<\/td>\n<td width=\"64\">0,67<\/td>\n<\/tr>\n<tr>\n<td width=\"100\">pol\u00fcoolid<\/td>\n<td width=\"64\">6,8<\/td>\n<td width=\"64\">15,1<\/td>\n<\/tr>\n<tr>\n<td width=\"100\">Valk<\/td>\n<td width=\"64\">27<\/td>\n<td width=\"64\">60<\/td>\n<\/tr>\n<tr>\n<td width=\"100\">Kiudained<\/td>\n<td width=\"64\">0.00<\/td>\n<td width=\"64\">0.00<\/td>\n<\/tr>\n<tr>\n<td width=\"100\">Soola<\/td>\n<td width=\"64\">0,63<\/td>\n<td width=\"64\">1,40<\/td>\n<\/tr>\n<\/tbody>\n<\/table>\n","protected":false},"excerpt":{"rendered":"<p>Proteiinibatoon<\/p>\n<p>Weider, Saksamaa<\/p>\n","protected":false},"featured_media":32,"template":"","meta":{"_gspb_post_css":""},"product_brand":[],"product_cat":[32,34],"product_tag":[59],"class_list":{"0":"post-30","1":"product","2":"type-product","3":"status-publish","4":"has-post-thumbnail","6":"product_cat-proteiin","7":"product_cat-batoonid","8":"product_tag-proteiin","10":"first","11":"outofstock","12":"taxable","13":"shipping-taxable","14":"purchasable","15":"product-type-simple"},"jetpack_sharing_enabled":true,"_links":{"self":[{"href":"https:\/\/levax.ee\/ru\/wp-json\/wp\/v2\/product\/30","targetHints":{"allow":["GET"]}}],"collection":[{"href":"https:\/\/levax.ee\/ru\/wp-json\/wp\/v2\/product"}],"about":[{"href":"https:\/\/levax.ee\/ru\/wp-json\/wp\/v2\/types\/product"}],"wp:featuredmedia":[{"embeddable":true,"href":"https:\/\/levax.ee\/ru\/wp-json\/wp\/v2\/media\/32"}],"wp:attachment":[{"href":"https:\/\/levax.ee\/ru\/wp-json\/wp\/v2\/media?parent=30"}],"wp:term":[{"taxonomy":"product_brand","embeddable":true,"href":"https:\/\/levax.ee\/ru\/wp-json\/wp\/v2\/product_brand?post=30"},{"taxonomy":"product_cat","embeddable":true,"href":"https:\/\/levax.ee\/ru\/wp-json\/wp\/v2\/product_cat?post=30"},{"taxonomy":"product_tag","embeddable":true,"href":"https:\/\/levax.ee\/ru\/wp-json\/wp\/v2\/product_tag?post=30"}],"curies":[{"name":"wp","href":"https:\/\/api.w.org\/{rel}","templated":true}]}}