{"id":605,"date":"2023-10-31T19:41:44","date_gmt":"2023-10-31T17:41:44","guid":{"rendered":"https:\/\/levax.ee\/?post_type=product&#038;p=605"},"modified":"2025-02-08T12:26:16","modified_gmt":"2025-02-08T10:26:16","slug":"maapahkli-karamelli-sokolaad-suhkruvaba-40g","status":"publish","type":"product","link":"https:\/\/levax.ee\/ru\/toode\/maapahkli-karamelli-sokolaad-suhkruvaba-40g\/","title":{"rendered":"Maap\u00e4hkli-karamelli \u0161okolaad, suhkruvaba, 40g"},"content":{"rendered":"<p>\u0160okolaadiglasuuriga maap\u00e4hklibatoon.<\/p>\n<p>Sobib <b>s\u00fcsivesikutevaese<\/b>\u00a0<b>dieedi<\/b>,\u00a0<b>keto<\/b>,\u00a0<b>diabeedi<\/b>,<br \/>\n<b>gluteenitalumatuse<\/b>\u00a0korral<\/p>\n<p>Suhkruvaba, ei sisalda palmi\u00f5li!<\/p>\n<p>Koostisosad:\u00a0Maap\u00e4hklid\u00a0(36%), pol\u00fcdekstroos (kiudaine),\u00a0piimapulber, kakaov\u00f5i, magusaine: er\u00fctritool, magusaine: sorbitool,\u00a0v\u00f5i (piim), magusaine: ks\u00fclitool, kakaomass, lahustuv maisikiudaine, niiskuses\u00e4ilitaja: taimne gl\u00fctserool, taimne \u00f5li (kookos-, v\u00f5iseemniku\u00f5li), sigurijuurekiudaine, emulgaator: p\u00e4evalilleletsitiin, sool, magusaine: stevioolgl\u00fckosiidid, looduslik l\u00f5hna- ja maitseaine. V\u00f5ib sisaldada v\u00e4hesel m\u00e4\u00e4ral\u00a0soja, seesamiseemneid, p\u00e4hkleid\u00a0ja\u00a0muna. Parim enne vaata pakendilt.<\/p>\n<p>\u00dcleliigne tarbimine v\u00f5ib p\u00f5hjustada k\u00f5hulahtisust.<\/p>\n","protected":false},"excerpt":{"rendered":"<p>\u0160okolaadiglasuuriga maap\u00e4hklibatoon, suhkruvaba<\/p>\n<p>&nbsp;<\/p>\n","protected":false},"featured_media":609,"template":"","meta":{"_gspb_post_css":""},"product_brand":[],"product_cat":[58],"product_tag":[],"class_list":{"0":"post-605","1":"product","2":"type-product","3":"status-publish","4":"has-post-thumbnail","6":"product_cat-suhkruvaba","8":"first","9":"outofstock","10":"taxable","11":"shipping-taxable","12":"purchasable","13":"product-type-simple"},"jetpack_sharing_enabled":true,"_links":{"self":[{"href":"https:\/\/levax.ee\/ru\/wp-json\/wp\/v2\/product\/605","targetHints":{"allow":["GET"]}}],"collection":[{"href":"https:\/\/levax.ee\/ru\/wp-json\/wp\/v2\/product"}],"about":[{"href":"https:\/\/levax.ee\/ru\/wp-json\/wp\/v2\/types\/product"}],"wp:featuredmedia":[{"embeddable":true,"href":"https:\/\/levax.ee\/ru\/wp-json\/wp\/v2\/media\/609"}],"wp:attachment":[{"href":"https:\/\/levax.ee\/ru\/wp-json\/wp\/v2\/media?parent=605"}],"wp:term":[{"taxonomy":"product_brand","embeddable":true,"href":"https:\/\/levax.ee\/ru\/wp-json\/wp\/v2\/product_brand?post=605"},{"taxonomy":"product_cat","embeddable":true,"href":"https:\/\/levax.ee\/ru\/wp-json\/wp\/v2\/product_cat?post=605"},{"taxonomy":"product_tag","embeddable":true,"href":"https:\/\/levax.ee\/ru\/wp-json\/wp\/v2\/product_tag?post=605"}],"curies":[{"name":"wp","href":"https:\/\/api.w.org\/{rel}","templated":true}]}}