{"id":624,"date":"2023-11-01T21:03:42","date_gmt":"2023-11-01T19:03:42","guid":{"rendered":"https:\/\/levax.ee\/?post_type=product&#038;p=624"},"modified":"2025-02-08T12:26:40","modified_gmt":"2025-02-08T10:26:40","slug":"proteiinibatoon-nougat-crisp-50g","status":"publish","type":"product","link":"https:\/\/levax.ee\/ru\/toode\/proteiinibatoon-nougat-crisp-50g\/","title":{"rendered":"Parim enne 25.08.2024!! Proteiinibatoon, nougat crisp, 50g"},"content":{"rendered":"<p>\u0160okolaadiglasuuriga kaetud kr\u00f5beda riisi ja sarapuup\u00e4hklitega proteiinibatoon, 50g<\/p>\n<p>1 batoonis 15g valku ja k\u00f5igest 158 kcal.<\/p>\n<p>Suhkruvaba, gluteenivaba, ei sisalda palmi\u00f5li!<\/p>\n<p><strong>Koostisained:<\/strong>\u00a0\u00a0<strong>Piim<\/strong>avalk, magusaine: er\u00fctritool,\u00a0<strong>piim<\/strong>apulber, kollageenipeptiidid, pol\u00fcdekstroos (kiudaine), kakaov\u00f5i,\u00a0<strong>sarapuup\u00e4hklid<\/strong>\u00a0(6%), lahustuv maisikiudaine, p\u00e4evalille\u00f5li, niiskuses\u00e4ilitaja: taimne gl\u00fctserool,\u00a0<strong>muna<\/strong>valgepulber, kakaomass,\u00a0<strong>soja<\/strong>kr\u00f5psud (<strong>soja<\/strong>valgu isolaat, tapiokit\u00e4rklis, sool, stabilisaator: kaltsiumkarbonaat), magusaine: ks\u00fclitool, sigurjuurekiudaine, kakaopulber, rapsi\u00f5li, looduslik l\u00f5hna- ja maitseaine, sool, emulgaator: p\u00e4evalilleletsitiin, magusaine: stevioolgl\u00fckosiidid. V\u00f5ib sisaldada v\u00e4hesel m\u00e4\u00e4ral\u00a0<strong>soja<\/strong>,\u00a0<strong>seesamiseemneid<\/strong>\u00a0ja\u00a0<strong>maap\u00e4hkleid<\/strong>.<\/p>\n","protected":false},"excerpt":{"rendered":"<p>Proteiinibatoon, suhkruvaba<\/p>\n","protected":false},"featured_media":625,"template":"","meta":{"_gspb_post_css":""},"product_brand":[],"product_cat":[34],"product_tag":[],"class_list":{"0":"post-624","1":"product","2":"type-product","3":"status-publish","4":"has-post-thumbnail","6":"product_cat-batoonid","8":"first","9":"outofstock","10":"taxable","11":"shipping-taxable","12":"purchasable","13":"product-type-simple"},"jetpack_sharing_enabled":true,"_links":{"self":[{"href":"https:\/\/levax.ee\/ru\/wp-json\/wp\/v2\/product\/624","targetHints":{"allow":["GET"]}}],"collection":[{"href":"https:\/\/levax.ee\/ru\/wp-json\/wp\/v2\/product"}],"about":[{"href":"https:\/\/levax.ee\/ru\/wp-json\/wp\/v2\/types\/product"}],"wp:featuredmedia":[{"embeddable":true,"href":"https:\/\/levax.ee\/ru\/wp-json\/wp\/v2\/media\/625"}],"wp:attachment":[{"href":"https:\/\/levax.ee\/ru\/wp-json\/wp\/v2\/media?parent=624"}],"wp:term":[{"taxonomy":"product_brand","embeddable":true,"href":"https:\/\/levax.ee\/ru\/wp-json\/wp\/v2\/product_brand?post=624"},{"taxonomy":"product_cat","embeddable":true,"href":"https:\/\/levax.ee\/ru\/wp-json\/wp\/v2\/product_cat?post=624"},{"taxonomy":"product_tag","embeddable":true,"href":"https:\/\/levax.ee\/ru\/wp-json\/wp\/v2\/product_tag?post=624"}],"curies":[{"name":"wp","href":"https:\/\/api.w.org\/{rel}","templated":true}]}}