{"id":645,"date":"2023-11-02T10:49:31","date_gmt":"2023-11-02T08:49:31","guid":{"rendered":"https:\/\/levax.ee\/?post_type=product&#038;p=645"},"modified":"2023-11-06T11:40:34","modified_gmt":"2023-11-06T09:40:34","slug":"kapapatrull-varvimiskomplekt-paw-patrol","status":"publish","type":"product","link":"https:\/\/levax.ee\/ru\/toode\/kapapatrull-varvimiskomplekt-paw-patrol\/","title":{"rendered":"K\u00e4papatrull v\u00e4rvimiskomplekt, Paw Patrol"},"content":{"rendered":"<p>K\u00e4papatrull v\u00e4rvimiskomplekt v\u00e4rvipliiatsite ja kleepsudega<\/p>\n<p>&nbsp;<\/p>\n<ul>\n<li>Suurus: ca 20 x 28,5 x 1 cm<\/li>\n<li>Sisu: 6 v\u00e4rvilist pliiatsit, 8 v\u00e4rvimismalli ja 1 kleepsuleht<\/li>\n<li>Litenseeritud toode<\/li>\n<\/ul>\n<p>Hoiatus!<br \/>\nT\u00e4helepanu!\u00a0Ei sobi alla 36 kuu vanustele lastele<br \/>\nT\u00e4helepanu!\u00a0Kasutage t\u00e4iskasvanu otsese j\u00e4relevalve all<br \/>\nT\u00e4helepanu!\u00a0Sisaldab v\u00e4ikseid osi.\u00a0Ettevaatust, l\u00e4mbumisoht!<\/p>\n","protected":false},"excerpt":{"rendered":"<p>K\u00e4papatrull v\u00e4rvimiskomplekt v\u00e4rvipliiatsite ja kleepsudega<\/p>\n<p>&nbsp;<\/p>\n<p>Paw Patrol<\/p>\n<p>Tootja: Euroswan<\/p>\n","protected":false},"featured_media":646,"template":"","meta":{"_gspb_post_css":""},"product_brand":[],"product_cat":[64,53],"product_tag":[60],"class_list":{"0":"post-645","1":"product","2":"type-product","3":"status-publish","4":"has-post-thumbnail","6":"product_cat-varvimiseks","7":"product_cat-lastenurk","8":"product_tag-varvimine","10":"first","11":"instock","12":"taxable","13":"shipping-taxable","14":"purchasable","15":"product-type-simple"},"jetpack_sharing_enabled":true,"_links":{"self":[{"href":"https:\/\/levax.ee\/ru\/wp-json\/wp\/v2\/product\/645","targetHints":{"allow":["GET"]}}],"collection":[{"href":"https:\/\/levax.ee\/ru\/wp-json\/wp\/v2\/product"}],"about":[{"href":"https:\/\/levax.ee\/ru\/wp-json\/wp\/v2\/types\/product"}],"wp:featuredmedia":[{"embeddable":true,"href":"https:\/\/levax.ee\/ru\/wp-json\/wp\/v2\/media\/646"}],"wp:attachment":[{"href":"https:\/\/levax.ee\/ru\/wp-json\/wp\/v2\/media?parent=645"}],"wp:term":[{"taxonomy":"product_brand","embeddable":true,"href":"https:\/\/levax.ee\/ru\/wp-json\/wp\/v2\/product_brand?post=645"},{"taxonomy":"product_cat","embeddable":true,"href":"https:\/\/levax.ee\/ru\/wp-json\/wp\/v2\/product_cat?post=645"},{"taxonomy":"product_tag","embeddable":true,"href":"https:\/\/levax.ee\/ru\/wp-json\/wp\/v2\/product_tag?post=645"}],"curies":[{"name":"wp","href":"https:\/\/api.w.org\/{rel}","templated":true}]}}