{"id":67,"date":"2023-06-06T12:00:47","date_gmt":"2023-06-06T09:00:47","guid":{"rendered":"https:\/\/levax.ee\/?post_type=product&#038;p=67"},"modified":"2024-09-12T19:47:55","modified_gmt":"2024-09-12T16:47:55","slug":"veganz-orgaaniline-maasika-riisi-sokolaad-80g","status":"publish","type":"product","link":"https:\/\/levax.ee\/ru\/toode\/veganz-orgaaniline-maasika-riisi-sokolaad-80g\/","title":{"rendered":"Veganz orgaaniline maasika-riisi \u0161okolaad, 80g (Parim enne m\u00f6\u00f6das)"},"content":{"rendered":"<p>Veganz orgaaniline maasika-riisi \u0161okolaad<\/p>\n<p>BIO Veganz White Strawberry Crisp \u00f5huliste, kr\u00f5mpsuvate maisihelbekr\u00f5psudega.<br \/>\nKoostis: Kakaov\u00f5i* (35%), toor-roosuhkur*, riisisiirupipulber* (17%) (riis*, p\u00e4evalille\u00f5li*, sool), r\u00f6stitud tiigrip\u00e4hklid*, maasikapulber* (2%), sool, vaniljeekstrakt*, looduslik maasikamaitseaine*<\/p>\n<p>* kontrollitud mahep\u00f5llumajandusest<\/p>\n<p>Parameetrid: Gluteenivaba, BIO, Palmi\u00f5livaba, Sojavaba<\/p>\n<p>&nbsp;<\/p>\n<p>\u00d6KO kontrollorgan: DE-\u00d6KO-013, v\u00e4ljaspool EL-i p\u00f5llumajandus<\/p>\n<p>Mahetoodetega kauplemine: ABCERT, CZ-BIO-002 sertifikaat<\/p>\n<p>Keskmine toitev\u00e4\u00e4rtus 100 g kohta:<\/p>\n<p>Energia 100g kohta: 2424kJ\/582kcal; Rasv: 38g, millest k\u00fcllastunud rasvhapped: 23g; S\u00fcsivesikud: 58g, millest suhkur: 41g; Valk: 0,8g; Sool: 0,57g<\/p>\n","protected":false},"excerpt":{"rendered":"<p>Veganz, Saksamaa<\/p>\n","protected":false},"featured_media":68,"template":"","meta":{"_gspb_post_css":""},"product_brand":[],"product_cat":[30,31],"product_tag":[],"class_list":{"0":"post-67","1":"product","2":"type-product","3":"status-publish","4":"has-post-thumbnail","6":"product_cat-vegan","7":"product_cat-sokolaadid","9":"first","10":"outofstock","11":"sale","12":"taxable","13":"shipping-taxable","14":"purchasable","15":"product-type-simple"},"jetpack_sharing_enabled":true,"_links":{"self":[{"href":"https:\/\/levax.ee\/ru\/wp-json\/wp\/v2\/product\/67","targetHints":{"allow":["GET"]}}],"collection":[{"href":"https:\/\/levax.ee\/ru\/wp-json\/wp\/v2\/product"}],"about":[{"href":"https:\/\/levax.ee\/ru\/wp-json\/wp\/v2\/types\/product"}],"wp:featuredmedia":[{"embeddable":true,"href":"https:\/\/levax.ee\/ru\/wp-json\/wp\/v2\/media\/68"}],"wp:attachment":[{"href":"https:\/\/levax.ee\/ru\/wp-json\/wp\/v2\/media?parent=67"}],"wp:term":[{"taxonomy":"product_brand","embeddable":true,"href":"https:\/\/levax.ee\/ru\/wp-json\/wp\/v2\/product_brand?post=67"},{"taxonomy":"product_cat","embeddable":true,"href":"https:\/\/levax.ee\/ru\/wp-json\/wp\/v2\/product_cat?post=67"},{"taxonomy":"product_tag","embeddable":true,"href":"https:\/\/levax.ee\/ru\/wp-json\/wp\/v2\/product_tag?post=67"}],"curies":[{"name":"wp","href":"https:\/\/api.w.org\/{rel}","templated":true}]}}