{"id":71,"date":"2023-06-06T12:06:15","date_gmt":"2023-06-06T09:06:15","guid":{"rendered":"https:\/\/levax.ee\/?post_type=product&#038;p=71"},"modified":"2024-09-12T19:48:29","modified_gmt":"2024-09-12T16:48:29","slug":"veganz-valge-mahesokolaad-kookoshelvestega-80g","status":"publish","type":"product","link":"https:\/\/levax.ee\/ru\/toode\/veganz-valge-mahesokolaad-kookoshelvestega-80g\/","title":{"rendered":"Veganz valge mahe\u0161okolaad kookoshelvestega, 80g (Parim enne m\u00f6\u00f6das)"},"content":{"rendered":"<p>Riisisiirupiga BIO Veganz White Coconut Flakes batoon maitseb lihtsalt nagu puhkus.<\/p>\n<p>Kakaov\u00f5i * (34%), toor-roosuhkur *, riisisiirupipulber * (17%), r\u00f6stitud tiigrip\u00e4hklid *, kookoshelbed * (8,0%), sool, vanilliekstrakt *. * mahep\u00f5llumajandusest.<\/p>\n<p>* kontrollitud mahep\u00f5llumajandusest<\/p>\n<p>V\u00f5ib sisaldada p\u00e4hkleid, gluteeni ja piima sisaldavaid teravilju.<\/p>\n<p>Parameetrid: Gluteenivaba, BIO, Palmi\u00f5livaba, Sojavaba<\/p>\n<p>P\u00e4ritoluriik: Saksamaa<\/p>\n<p>\u00d6KO kontrollorgan: DE-\u00d6KO-013, v\u00e4ljaspool EL-i p\u00f5llumajandus<\/p>\n<p>Mahetoodetega kauplemine: ABCERT, CZ-BIO-002 sertifikaat<\/p>\n<p>Keskmine toitev\u00e4\u00e4rtus 100 g kohta:<\/p>\n<table width=\"178\">\n<tbody>\n<tr>\n<td colspan=\"2\" width=\"178\">100 grammi kohta:<\/td>\n<\/tr>\n<tr>\n<td width=\"100\">Energiasisaldus (KJ\/Kcal)<\/td>\n<td width=\"78\">2495,5kJ\/596kcal<\/td>\n<\/tr>\n<tr>\n<td width=\"100\">Rasvad (g)<\/td>\n<td width=\"78\">42<\/td>\n<\/tr>\n<tr>\n<td width=\"100\">Millest k\u00fcllastunud rasvhapped (g)<\/td>\n<td width=\"78\">27<\/td>\n<\/tr>\n<tr>\n<td width=\"100\">S\u00fcsivesikud (g)<\/td>\n<td width=\"78\">53<\/td>\n<\/tr>\n<tr>\n<td width=\"100\">Millest suhkrud (g)<\/td>\n<td width=\"78\">40<\/td>\n<\/tr>\n<tr>\n<td width=\"100\">Valgud (g)<\/td>\n<td width=\"78\">0,6<\/td>\n<\/tr>\n<tr>\n<td width=\"100\">Sool (g)<\/td>\n<td width=\"78\">0,15<\/td>\n<\/tr>\n<\/tbody>\n<\/table>\n<p>&nbsp;<\/p>\n<p>V\u00f5ib sisaldada j\u00e4\u00e4ke piimast, gluteeni sisaldavatest teraviljadest ja p\u00e4hklitest.<\/p>\n<p>Hoida jahedas ja kuivas.<\/p>\n","protected":false},"excerpt":{"rendered":"<p>Veganz, Saksamaa<\/p>\n","protected":false},"featured_media":72,"template":"","meta":{"_gspb_post_css":""},"product_brand":[],"product_cat":[30,31],"product_tag":[],"class_list":{"0":"post-71","1":"product","2":"type-product","3":"status-publish","4":"has-post-thumbnail","6":"product_cat-vegan","7":"product_cat-sokolaadid","9":"first","10":"outofstock","11":"sale","12":"taxable","13":"shipping-taxable","14":"purchasable","15":"product-type-simple"},"jetpack_sharing_enabled":true,"_links":{"self":[{"href":"https:\/\/levax.ee\/ru\/wp-json\/wp\/v2\/product\/71","targetHints":{"allow":["GET"]}}],"collection":[{"href":"https:\/\/levax.ee\/ru\/wp-json\/wp\/v2\/product"}],"about":[{"href":"https:\/\/levax.ee\/ru\/wp-json\/wp\/v2\/types\/product"}],"wp:featuredmedia":[{"embeddable":true,"href":"https:\/\/levax.ee\/ru\/wp-json\/wp\/v2\/media\/72"}],"wp:attachment":[{"href":"https:\/\/levax.ee\/ru\/wp-json\/wp\/v2\/media?parent=71"}],"wp:term":[{"taxonomy":"product_brand","embeddable":true,"href":"https:\/\/levax.ee\/ru\/wp-json\/wp\/v2\/product_brand?post=71"},{"taxonomy":"product_cat","embeddable":true,"href":"https:\/\/levax.ee\/ru\/wp-json\/wp\/v2\/product_cat?post=71"},{"taxonomy":"product_tag","embeddable":true,"href":"https:\/\/levax.ee\/ru\/wp-json\/wp\/v2\/product_tag?post=71"}],"curies":[{"name":"wp","href":"https:\/\/api.w.org\/{rel}","templated":true}]}}