{"id":722,"date":"2023-11-06T12:54:56","date_gmt":"2023-11-06T10:54:56","guid":{"rendered":"https:\/\/levax.ee\/?post_type=product&#038;p=722"},"modified":"2024-05-13T18:37:41","modified_gmt":"2024-05-13T15:37:41","slug":"porsas-peppa-voodipesukomplekt-100x135cm","status":"publish","type":"product","link":"https:\/\/levax.ee\/ru\/toode\/porsas-peppa-voodipesukomplekt-100x135cm\/","title":{"rendered":"P\u00f5rsas Peppa voodipesukomplekt 100x135cm"},"content":{"rendered":"<p>P\u00f5rsas Peppa voodipesukomplekt 100x135cm<\/p>\n<p>P\u00f5rsas Peppa voodipesukomplekt 100x135cm<\/p>\n<p>Komplektis:<\/p>\n<p>1x padjap\u00fc\u00fcr: 40\u00d760 cm<br \/>\n1x tekikott: 100\u00d7135 cm<\/p>\n<p>Tekikotil kaks erinevat pildipoolt.<\/p>\n<p>Materjal: 100% puuvill<\/p>\n","protected":false},"excerpt":{"rendered":"<p>P\u00f5rsas Peppa voodipesukomplekt 100x135cm<\/p>\n","protected":false},"featured_media":723,"template":"","meta":{"_gspb_post_css":""},"product_brand":[],"product_cat":[65,53],"product_tag":[],"class_list":{"0":"post-722","1":"product","2":"type-product","3":"status-publish","4":"has-post-thumbnail","6":"product_cat-voodipesu","7":"product_cat-lastenurk","9":"first","10":"outofstock","11":"taxable","12":"shipping-taxable","13":"purchasable","14":"product-type-simple"},"jetpack_sharing_enabled":true,"_links":{"self":[{"href":"https:\/\/levax.ee\/ru\/wp-json\/wp\/v2\/product\/722","targetHints":{"allow":["GET"]}}],"collection":[{"href":"https:\/\/levax.ee\/ru\/wp-json\/wp\/v2\/product"}],"about":[{"href":"https:\/\/levax.ee\/ru\/wp-json\/wp\/v2\/types\/product"}],"wp:featuredmedia":[{"embeddable":true,"href":"https:\/\/levax.ee\/ru\/wp-json\/wp\/v2\/media\/723"}],"wp:attachment":[{"href":"https:\/\/levax.ee\/ru\/wp-json\/wp\/v2\/media?parent=722"}],"wp:term":[{"taxonomy":"product_brand","embeddable":true,"href":"https:\/\/levax.ee\/ru\/wp-json\/wp\/v2\/product_brand?post=722"},{"taxonomy":"product_cat","embeddable":true,"href":"https:\/\/levax.ee\/ru\/wp-json\/wp\/v2\/product_cat?post=722"},{"taxonomy":"product_tag","embeddable":true,"href":"https:\/\/levax.ee\/ru\/wp-json\/wp\/v2\/product_tag?post=722"}],"curies":[{"name":"wp","href":"https:\/\/api.w.org\/{rel}","templated":true}]}}