{"id":749,"date":"2023-11-07T15:07:46","date_gmt":"2023-11-07T13:07:46","guid":{"rendered":"https:\/\/levax.ee\/?post_type=product&#038;p=749"},"modified":"2023-11-07T15:11:03","modified_gmt":"2023-11-07T13:11:03","slug":"jean-claude-olivier-juuksesprei-200ml","status":"publish","type":"product","link":"https:\/\/levax.ee\/ru\/toode\/jean-claude-olivier-juuksesprei-200ml\/","title":{"rendered":"Jean Claude Olivier juuksesprei, 200ml"},"content":{"rendered":"<p>Jean Claude Olivier juuste v\u00e4ljalangemise vastane sprei, 200ml<\/p>\n<p>Lootevee, vitamiinide ja platsentaga losjoon, mis v\u00f5itleb juuste v\u00e4ljalangemise vastu, annab tugevust ja eluj\u00f5udu.<br \/>\nKasutusjuhend: Peale juuste pesu pihusta peanahale \u2013 kuivale v\u00f5i niiskele \u2013 ja masseeri.<\/p>\n<p>&nbsp;<\/p>\n<p>Toodetud Hispaanias<\/p>\n<p><a href=\"https:\/\/jeanclaudeolivier.com\/producto\/locion-fortificante-anti-caida-200-ml\/\" rel=\"nofollow noopener\" target=\"_blank\">Tootja koduleht<\/a><\/p>\n","protected":false},"excerpt":{"rendered":"<p>Jean Claude Olivier juuste v\u00e4ljalangemise vastane sprei<\/p>\n","protected":false},"featured_media":750,"template":"","meta":{"_gspb_post_css":""},"product_brand":[],"product_cat":[68,46],"product_tag":[72,70],"class_list":{"0":"post-749","1":"product","2":"type-product","3":"status-publish","4":"has-post-thumbnail","6":"product_cat-juuksehooldus","7":"product_cat-ilu-heaks","8":"product_tag-jean-claude-olivier","9":"product_tag-juuksehooldus","11":"first","12":"instock","13":"taxable","14":"shipping-taxable","15":"purchasable","16":"product-type-simple"},"jetpack_sharing_enabled":true,"_links":{"self":[{"href":"https:\/\/levax.ee\/ru\/wp-json\/wp\/v2\/product\/749","targetHints":{"allow":["GET"]}}],"collection":[{"href":"https:\/\/levax.ee\/ru\/wp-json\/wp\/v2\/product"}],"about":[{"href":"https:\/\/levax.ee\/ru\/wp-json\/wp\/v2\/types\/product"}],"wp:featuredmedia":[{"embeddable":true,"href":"https:\/\/levax.ee\/ru\/wp-json\/wp\/v2\/media\/750"}],"wp:attachment":[{"href":"https:\/\/levax.ee\/ru\/wp-json\/wp\/v2\/media?parent=749"}],"wp:term":[{"taxonomy":"product_brand","embeddable":true,"href":"https:\/\/levax.ee\/ru\/wp-json\/wp\/v2\/product_brand?post=749"},{"taxonomy":"product_cat","embeddable":true,"href":"https:\/\/levax.ee\/ru\/wp-json\/wp\/v2\/product_cat?post=749"},{"taxonomy":"product_tag","embeddable":true,"href":"https:\/\/levax.ee\/ru\/wp-json\/wp\/v2\/product_tag?post=749"}],"curies":[{"name":"wp","href":"https:\/\/api.w.org\/{rel}","templated":true}]}}