{"id":764,"date":"2023-11-07T21:13:31","date_gmt":"2023-11-07T19:13:31","guid":{"rendered":"https:\/\/levax.ee\/?post_type=product&#038;p=764"},"modified":"2024-09-12T19:40:56","modified_gmt":"2024-09-12T16:40:56","slug":"layenberger-proteiinibatoon-kookose-mandli-35g","status":"publish","type":"product","link":"https:\/\/levax.ee\/ru\/toode\/layenberger-proteiinibatoon-kookose-mandli-35g\/","title":{"rendered":"Layenberger proteiinibatoon kookose-mandli, 35g"},"content":{"rendered":"<p>Layenberger proteiinibatoon kookose-mandli, 35g<\/p>\n<p>&gt; 44% valku ja keskmiselt 43% v\u00e4hem s\u00fcsivesikuid kui tavalistes valgubatoonides. Ja seda k\u00f5ike ainult 2,9% suhkruga. Lihtsalt eriline nauding.<\/p>\n<p>*V\u00e4hendatud s\u00fcsivesikuid \u2013 keskmiselt 47% v\u00e4hem s\u00fcsivesikuid kui klassikalistes valgubatoonides<br \/>\n*madala suhkrusisaldusega<br \/>\n*kolm kvaliteetset valguallikat (piimavalk, sojavalk, kollageeni h\u00fcdrol\u00fcsaat)<\/p>\n<p>*1 batoonis 16g valku<\/p>\n<p>Koostis:<\/p>\n<p>Piimavalk, tumeda \u0161okolaadi kate magusainega (20%) (kakaomass, magusaine maltitool, kakaov\u00f5i, emulgaator letsitiin (soja), looduslik bourbon vanilli maitse), <strong>kollageenh\u00fcdrol\u00fcsaat\u00b9<\/strong>, niiskuses\u00e4ilitaja gl\u00fctseriin, vesi, sojavalk, kookosrasv, kuivatatud kookosp\u00e4hkel (3,2%), sojakr\u00f5psud (sojavalk, riisijahu, odralinnase ekstrakt, lauasool), r\u00f6stitud, hakitud mandlid (1,7%), kookospulber (0,6%) (kookospiim, maltodekstriin, naatriumkaseinaat (piimaga)) , maitseaine, t\u00e4iteaine mikrokristalne tselluloos, looduslik maitseaine, magusaine sukraloos.<\/p>\n<p><strong>\u00b9 valmistatud veiselihast<\/strong><\/p>\n<p>Teave allergeenide kohta: V\u00f5ib sisaldada munade, maap\u00e4hklite, muude p\u00e4hklite ja nende toodete j\u00e4lgi.<br \/>\nM\u00e4rkused: Liigsel tarbimisel v\u00f5ib olla lahtistav toime. Hoida toatemperatuuril ja kuivas kohas. Kaitsta kuumuse eest.<\/p>\n<h3>Toitev\u00e4\u00e4rtus 100g kohta<\/h3>\n<table id=\"tablepress-19\" class=\"tablepress tablepress-id-19\">\n<tbody class=\"row-hover\">\n<tr class=\"row-1 odd\">\n<td class=\"column-1\">energiat<\/td>\n<td class=\"column-2\">1605 kJ \/ 384 kcal<\/td>\n<\/tr>\n<tr class=\"row-2 even\">\n<td class=\"column-1\">rasv<\/td>\n<td class=\"column-2\">16 g<\/td>\n<\/tr>\n<tr class=\"row-3 odd\">\n<td class=\"column-1\">&#8212; millest k\u00fcllastunud<\/td>\n<td class=\"column-2\">11g<\/td>\n<\/tr>\n<tr class=\"row-4 even\">\n<td class=\"column-1\">s\u00fcsivesikuid<\/td>\n<td class=\"column-2\">21g<\/td>\n<\/tr>\n<tr class=\"row-5 odd\">\n<td class=\"column-1\">&#8212; millest suhkrud<\/td>\n<td class=\"column-2\">0,7 g<\/td>\n<\/tr>\n<tr class=\"row-6 even\">\n<td class=\"column-1\">&#8212; millest mitmeh\u00fcdroks\u00fc\u00fclsed alkoholid\/pol\u00fcoolid<\/td>\n<td class=\"column-2\">18g<\/td>\n<\/tr>\n<tr class=\"row-7 odd\">\n<td class=\"column-1\">valk<\/td>\n<td class=\"column-2\">45g<\/td>\n<\/tr>\n<tr class=\"row-8 even\">\n<td class=\"column-1\">soola<\/td>\n<td class=\"column-2\">0,44 g<\/td>\n<\/tr>\n<\/tbody>\n<\/table>\n","protected":false},"excerpt":{"rendered":"<p>Layenberger proteiinibatoon kookose-mandli, 35g<\/p>\n<p>Toodetud Saksamaal<\/p>\n","protected":false},"featured_media":765,"template":"","meta":{"_gspb_post_css":""},"product_brand":[],"product_cat":[34,32],"product_tag":[],"class_list":{"0":"post-764","1":"product","2":"type-product","3":"status-publish","4":"has-post-thumbnail","6":"product_cat-batoonid","7":"product_cat-proteiin","9":"first","10":"outofstock","11":"taxable","12":"shipping-taxable","13":"purchasable","14":"product-type-simple"},"jetpack_sharing_enabled":true,"_links":{"self":[{"href":"https:\/\/levax.ee\/ru\/wp-json\/wp\/v2\/product\/764","targetHints":{"allow":["GET"]}}],"collection":[{"href":"https:\/\/levax.ee\/ru\/wp-json\/wp\/v2\/product"}],"about":[{"href":"https:\/\/levax.ee\/ru\/wp-json\/wp\/v2\/types\/product"}],"wp:featuredmedia":[{"embeddable":true,"href":"https:\/\/levax.ee\/ru\/wp-json\/wp\/v2\/media\/765"}],"wp:attachment":[{"href":"https:\/\/levax.ee\/ru\/wp-json\/wp\/v2\/media?parent=764"}],"wp:term":[{"taxonomy":"product_brand","embeddable":true,"href":"https:\/\/levax.ee\/ru\/wp-json\/wp\/v2\/product_brand?post=764"},{"taxonomy":"product_cat","embeddable":true,"href":"https:\/\/levax.ee\/ru\/wp-json\/wp\/v2\/product_cat?post=764"},{"taxonomy":"product_tag","embeddable":true,"href":"https:\/\/levax.ee\/ru\/wp-json\/wp\/v2\/product_tag?post=764"}],"curies":[{"name":"wp","href":"https:\/\/api.w.org\/{rel}","templated":true}]}}