{"id":771,"date":"2023-11-07T21:20:55","date_gmt":"2023-11-07T19:20:55","guid":{"rendered":"https:\/\/levax.ee\/?post_type=product&#038;p=771"},"modified":"2024-09-12T19:40:30","modified_gmt":"2024-09-12T16:40:30","slug":"layenberger-proteiinibatoon-johvika-35g","status":"publish","type":"product","link":"https:\/\/levax.ee\/ru\/toode\/layenberger-proteiinibatoon-johvika-35g\/","title":{"rendered":"Layenberger proteiinibatoon j\u00f5hvika, 35g"},"content":{"rendered":"<p>Layenberger proteiinibatoon j\u00f5hvika, 35g<\/p>\n<p>&gt; 44% valku ja keskmiselt 43% v\u00e4hem s\u00fcsivesikuid kui tavalistes valgubatoonides. Ja seda k\u00f5ike ainult 2,9% suhkruga. Lihtsalt eriline nauding.<\/p>\n<p>*V\u00e4hendatud s\u00fcsivesikuid \u2013 keskmiselt 47% v\u00e4hem s\u00fcsivesikuid kui klassikalistes valgubatoonides<br \/>\n*madala suhkrusisaldusega<br \/>\n*kolm kvaliteetset valguallikat (piimavalk, sojavalk, kollageeni h\u00fcdrol\u00fcsaat)<\/p>\n<p>*1 batoonis 16g valku<\/p>\n<p>Koostisained<br \/>\n<strong>Kollageeni h\u00fcdrol\u00fcsaat\u00b9<\/strong>, tumeda \u0161okolaadi kate magusainega (20%) (kakaomass, magusaine maltitool, kakaov\u00f5i, emulgaator letsitiin (soja), looduslik burbooni vanilli maitse), piimavalk, niiskuses\u00e4ilitaja gl\u00fctseriin, vesi, sojavalk, kookosrasv, vadakuproteiin , sojakr\u00f5psud (sojaproteiin, riisijahu, odralinnase ekstrakt, lauasool), k\u00fclmkuivatatud j\u00f5hvikad (0,7%), happesuse suurendaja sidrunhape, mustika puuviljapulber (0,5%) (mustika puuviljapulber, maltodekstriin), looduslik l\u00f5hna- ja maitseaine, aroom , magusaine sukraloos, v\u00e4rvus ehtne karmiin.<\/p>\n<ul>\n<li><strong>\u00b9 valmistatud veiselihast<\/strong><\/li>\n<\/ul>\n<p>Teave allergeenide kohta: V\u00f5ib sisaldada munade, maap\u00e4hklite, p\u00e4hklite ja nende vastavate toodete j\u00e4lgi.<br \/>\nM\u00e4rkused: Liigsel tarbimisel v\u00f5ib olla lahtistav toime. Hoida toatemperatuuril ja kuivas kohas. Kaitsta kuumuse eest.<\/p>\n<h3>Toitev\u00e4\u00e4rtus 100g kohta<\/h3>\n<table id=\"tablepress-18\" class=\"tablepress tablepress-id-18\">\n<tbody class=\"row-hover\">\n<tr class=\"row-1 odd\">\n<td class=\"column-1\">energiat<\/td>\n<td class=\"column-2\">1543 kJ \/ 368 kcal<\/td>\n<\/tr>\n<tr class=\"row-2 even\">\n<td class=\"column-1\">rasv<\/td>\n<td class=\"column-2\">14g<\/td>\n<\/tr>\n<tr class=\"row-3 odd\">\n<td class=\"column-1\">&#8212; millest k\u00fcllastunud<\/td>\n<td class=\"column-2\">9,9 g<\/td>\n<\/tr>\n<tr class=\"row-4 even\">\n<td class=\"column-1\">s\u00fcsivesikuid<\/td>\n<td class=\"column-2\">22g<\/td>\n<\/tr>\n<tr class=\"row-5 odd\">\n<td class=\"column-1\">&#8212; millest suhkrud<\/td>\n<td class=\"column-2\">1,1 g<\/td>\n<\/tr>\n<tr class=\"row-6 even\">\n<td class=\"column-1\">&#8212; millest alkohoolsed pol\u00fcoolid<\/td>\n<td class=\"column-2\">19g<\/td>\n<\/tr>\n<tr class=\"row-7 odd\">\n<td class=\"column-1\">valk<\/td>\n<td class=\"column-2\">45g<\/td>\n<\/tr>\n<tr class=\"row-8 even\">\n<td class=\"column-1\">soola<\/td>\n<td class=\"column-2\">0,49 g<\/td>\n<\/tr>\n<\/tbody>\n<\/table>\n","protected":false},"excerpt":{"rendered":"<p>Layenberger proteiinibatoon j\u00f5hvika, 35g<\/p>\n<p>Toodetud Saksamaal<\/p>\n","protected":false},"featured_media":772,"template":"","meta":{"_gspb_post_css":""},"product_brand":[],"product_cat":[34,32],"product_tag":[],"class_list":{"0":"post-771","1":"product","2":"type-product","3":"status-publish","4":"has-post-thumbnail","6":"product_cat-batoonid","7":"product_cat-proteiin","9":"first","10":"outofstock","11":"taxable","12":"shipping-taxable","13":"purchasable","14":"product-type-simple"},"jetpack_sharing_enabled":true,"_links":{"self":[{"href":"https:\/\/levax.ee\/ru\/wp-json\/wp\/v2\/product\/771","targetHints":{"allow":["GET"]}}],"collection":[{"href":"https:\/\/levax.ee\/ru\/wp-json\/wp\/v2\/product"}],"about":[{"href":"https:\/\/levax.ee\/ru\/wp-json\/wp\/v2\/types\/product"}],"wp:featuredmedia":[{"embeddable":true,"href":"https:\/\/levax.ee\/ru\/wp-json\/wp\/v2\/media\/772"}],"wp:attachment":[{"href":"https:\/\/levax.ee\/ru\/wp-json\/wp\/v2\/media?parent=771"}],"wp:term":[{"taxonomy":"product_brand","embeddable":true,"href":"https:\/\/levax.ee\/ru\/wp-json\/wp\/v2\/product_brand?post=771"},{"taxonomy":"product_cat","embeddable":true,"href":"https:\/\/levax.ee\/ru\/wp-json\/wp\/v2\/product_cat?post=771"},{"taxonomy":"product_tag","embeddable":true,"href":"https:\/\/levax.ee\/ru\/wp-json\/wp\/v2\/product_tag?post=771"}],"curies":[{"name":"wp","href":"https:\/\/api.w.org\/{rel}","templated":true}]}}