{"id":794,"date":"2023-11-08T11:12:39","date_gmt":"2023-11-08T09:12:39","guid":{"rendered":"https:\/\/levax.ee\/?post_type=product&#038;p=794"},"modified":"2023-11-30T00:04:41","modified_gmt":"2023-11-29T22:04:41","slug":"puidust-klotsid-50tk","status":"publish","type":"product","link":"https:\/\/levax.ee\/ru\/toode\/puidust-klotsid-50tk\/","title":{"rendered":"Puidust klotsid 50tk"},"content":{"rendered":"<p>Puidust klotsid, 50 tk. Pastelsed toonid.<\/p>\n<ul>\n<li>50-osaline komplekt suure valikuga erineva kuju ja disainiga ehitusplokke<\/li>\n<li>Segu looduslikest t\u00f6\u00f6tlemata ehitusplokkidest ja pehmetes pastelsetes toonides plokkidest<\/li>\n<li>Puitklotse saab hoiukastis turvaliselt hoiustada<\/li>\n<li>Palju naturaalset, t\u00f6\u00f6tlemata puitu, kvaliteetseid tr\u00fckiseid ja kaasaegne v\u00e4rvilahendus<\/li>\n<li>Treenib motoorseid oskusi ning ergutab loovust ja kujutlusv\u00f5imet<\/li>\n<li>Ideaalselt kombineeritav teiste puidust m\u00e4nguasjadega<\/li>\n<\/ul>\n<p>Ehitusklotside ehitamisel ja ladumisel saavad lapsed lasta oma loovusel vabalt lennata ja samal ajal treenida motoorseid oskusi.<\/p>\n<p>Ehitusklotsid on valmistatud kvaliteetsest puidust ja m\u00f5eldud spetsiaalselt lastele.<\/p>\n<p>kuubik u.\u00a03 x 3 x 3 cm, risttahukas u.\u00a09 x 3 x 1,5 cm<\/p>\n<p>Sobib vanusele 12 kuud+<\/p>\n","protected":false},"excerpt":{"rendered":"<p>Puidust klotsid, 50 tk. Pastelsed toonid.<\/p>\n<p>&nbsp;<\/p>\n<p>Tootja: Small Foot<\/p>\n","protected":false},"featured_media":795,"template":"","meta":{"_gspb_post_css":""},"product_brand":[],"product_cat":[53,73],"product_tag":[74,76],"class_list":{"0":"post-794","1":"product","2":"type-product","3":"status-publish","4":"has-post-thumbnail","6":"product_cat-lastenurk","7":"product_cat-motoorika","8":"product_tag-lastenurk","9":"product_tag-motoorika","11":"first","12":"instock","13":"taxable","14":"shipping-taxable","15":"purchasable","16":"product-type-simple"},"jetpack_sharing_enabled":true,"_links":{"self":[{"href":"https:\/\/levax.ee\/ru\/wp-json\/wp\/v2\/product\/794","targetHints":{"allow":["GET"]}}],"collection":[{"href":"https:\/\/levax.ee\/ru\/wp-json\/wp\/v2\/product"}],"about":[{"href":"https:\/\/levax.ee\/ru\/wp-json\/wp\/v2\/types\/product"}],"wp:featuredmedia":[{"embeddable":true,"href":"https:\/\/levax.ee\/ru\/wp-json\/wp\/v2\/media\/795"}],"wp:attachment":[{"href":"https:\/\/levax.ee\/ru\/wp-json\/wp\/v2\/media?parent=794"}],"wp:term":[{"taxonomy":"product_brand","embeddable":true,"href":"https:\/\/levax.ee\/ru\/wp-json\/wp\/v2\/product_brand?post=794"},{"taxonomy":"product_cat","embeddable":true,"href":"https:\/\/levax.ee\/ru\/wp-json\/wp\/v2\/product_cat?post=794"},{"taxonomy":"product_tag","embeddable":true,"href":"https:\/\/levax.ee\/ru\/wp-json\/wp\/v2\/product_tag?post=794"}],"curies":[{"name":"wp","href":"https:\/\/api.w.org\/{rel}","templated":true}]}}