{"id":813,"date":"2023-11-08T11:21:39","date_gmt":"2023-11-08T09:21:39","guid":{"rendered":"https:\/\/levax.ee\/?post_type=product&#038;p=813"},"modified":"2023-11-08T11:21:39","modified_gmt":"2023-11-08T09:21:39","slug":"puidust-klotsid-safari-50-tk","status":"publish","type":"product","link":"https:\/\/levax.ee\/ru\/toode\/puidust-klotsid-safari-50-tk\/","title":{"rendered":"Puidust klotsid Safari, 50 tk"},"content":{"rendered":"<p>Puidust klotsid Safari, 50tk<\/p>\n<p><span>See 50-osaline ehitusklotside komplekt sisaldab erineva kuju ja disainiga puidust ehitusklotse.\u00a0<\/span><\/p>\n<p><span>Lisaks v\u00e4rvilistele ja looduslikult viimistletud ehitusplokkidele sisaldab see terviklik komplekt ka viit loomakujukest ja klotse, millele on tr\u00fckitud safarimotiivid.<\/span><br \/>\n<span>Plokk ploki peale ladudes saate rajada koha sebrale, l\u00f5vile, kaelkirjakule, elevandile ja krokodillile. <\/span><\/p>\n<p><span>Puitklotse saab hoiukastis kindlalt hoiustada, et \u00fckski t\u00fckk kaduma ei l\u00e4heks. <\/span><\/p>\n<p><span>Laste loovusel pole ehitamisel ja m\u00e4ngimisel piiranguid.<\/span><\/p>\n<ul>\n<li><span>P\u00f5hjalik 50-osaline safariteemaline ehitusplokkide komplekt<\/span><\/li>\n<li><span>Sisaldab erineva kujuga ja disainiga puidust ehitusplokke<\/span><\/li>\n<li><span>Segu v\u00e4rvilistest ja naturaalsetest t\u00f6\u00f6tlemata puitklotsidest ning loomakujukestest ja safarimotiividega klotsidest<\/span><\/li>\n<li><span>Puitklotse saab hoiukastis turvaliselt hoiustada<\/span><\/li>\n<li><span>Palju naturaalset, t\u00f6\u00f6tlemata puitu, kvaliteetseid tr\u00fckiseid ja kaasaegne v\u00e4rvilahendus<\/span><\/li>\n<li><span>Treenib motoorseid oskusi ning ergutab loovust ja kujutlusv\u00f5imet<\/span><\/li>\n<li><span>Ideaalselt kombineeritav teiste puidust m\u00e4nguasjadega tootesarjast &#171;Safari&#187;.<\/span><\/li>\n<\/ul>\n<p><span>Kuubikud u.\u00a0<\/span><span>3 x 3 x 3 cm, risttahukad 6 x 3 x 1,5 cm<\/span><\/p>\n<p>Sobib vanusele 12 kuud+<\/p>\n","protected":false},"excerpt":{"rendered":"<p>Puidust klotsid Safari, 50tk<\/p>\n<p>Toodetud Saksamaal<\/p>\n<p>Tootja Small Foot<\/p>\n","protected":false},"featured_media":814,"template":"","meta":{"_gspb_post_css":""},"product_brand":[],"product_cat":[53,73],"product_tag":[74,76],"class_list":{"0":"post-813","1":"product","2":"type-product","3":"status-publish","4":"has-post-thumbnail","6":"product_cat-lastenurk","7":"product_cat-motoorika","8":"product_tag-lastenurk","9":"product_tag-motoorika","11":"first","12":"instock","13":"taxable","14":"shipping-taxable","15":"purchasable","16":"product-type-simple"},"jetpack_sharing_enabled":true,"_links":{"self":[{"href":"https:\/\/levax.ee\/ru\/wp-json\/wp\/v2\/product\/813","targetHints":{"allow":["GET"]}}],"collection":[{"href":"https:\/\/levax.ee\/ru\/wp-json\/wp\/v2\/product"}],"about":[{"href":"https:\/\/levax.ee\/ru\/wp-json\/wp\/v2\/types\/product"}],"wp:featuredmedia":[{"embeddable":true,"href":"https:\/\/levax.ee\/ru\/wp-json\/wp\/v2\/media\/814"}],"wp:attachment":[{"href":"https:\/\/levax.ee\/ru\/wp-json\/wp\/v2\/media?parent=813"}],"wp:term":[{"taxonomy":"product_brand","embeddable":true,"href":"https:\/\/levax.ee\/ru\/wp-json\/wp\/v2\/product_brand?post=813"},{"taxonomy":"product_cat","embeddable":true,"href":"https:\/\/levax.ee\/ru\/wp-json\/wp\/v2\/product_cat?post=813"},{"taxonomy":"product_tag","embeddable":true,"href":"https:\/\/levax.ee\/ru\/wp-json\/wp\/v2\/product_tag?post=813"}],"curies":[{"name":"wp","href":"https:\/\/api.w.org\/{rel}","templated":true}]}}