{"id":833,"date":"2023-11-08T11:34:50","date_gmt":"2023-11-08T09:34:50","guid":{"rendered":"https:\/\/levax.ee\/?post_type=product&#038;p=833"},"modified":"2025-02-03T14:21:04","modified_gmt":"2025-02-03T12:21:04","slug":"ladumiskuubikud-loomad","status":"publish","type":"product","link":"https:\/\/levax.ee\/ru\/toode\/ladumiskuubikud-loomad\/","title":{"rendered":"Ladumiskuubikud, loomad"},"content":{"rendered":"<p>Trendikates v\u00e4rvides ladumiskuubikud.<\/p>\n<p>Viis tugevast papist pastelsetes toonides kuubikut ja kokkusobivad puidust loomafiguurid.<\/p>\n<p>Neljal kuubil on kujukeste peitmiseks ukse- ja aknaavad. M\u00e4ngulised illustratsioonid annavad juhiseid kuubikute virnastamise \u00f5igeks j\u00e4rjestamiseks ja kuubikute \u00fclaosas olevad punktid motiveerivad lapsi loendama \u00f5ppima.<\/p>\n<p>Sorteerimine ja virnastamine treenib v\u00e4rvide ja suuruste m\u00f5istmist ning arendab motoorseid oskusi.\u00a0Kes oskab kuubikuid \u00f5igesse j\u00e4rjekorda panna?\u00a0K\u00f5ik illustratsioonid on kujundatud armastava t\u00e4helepanuga detailidele ja sobivad lastele.<\/p>\n<p>M\u00f5\u00f5dud: Suurim kuubik ca.\u00a013 x 13 x 13 cm, rebane u.\u00a06 x 1,5 x 6 cm<\/p>\n<p>Materjal: paber\/puit<\/p>\n<p>Pakendis 5 kuubikut ja 5 looma<\/p>\n<p>Sobib vanusele 12 kuud+<\/p>\n","protected":false},"excerpt":{"rendered":"<p>Ladumiskuubikud, loomad<\/p>\n<p>Toodetud Saksamaal<\/p>\n<p>Tootja Small Foot<\/p>\n","protected":false},"featured_media":834,"template":"","meta":{"_gspb_post_css":""},"product_brand":[],"product_cat":[53,73],"product_tag":[74,75,76],"class_list":{"0":"post-833","1":"product","2":"type-product","3":"status-publish","4":"has-post-thumbnail","6":"product_cat-lastenurk","7":"product_cat-motoorika","8":"product_tag-lastenurk","9":"product_tag-manguasjad","10":"product_tag-motoorika","12":"first","13":"instock","14":"taxable","15":"shipping-taxable","16":"purchasable","17":"product-type-simple"},"jetpack_sharing_enabled":true,"_links":{"self":[{"href":"https:\/\/levax.ee\/ru\/wp-json\/wp\/v2\/product\/833","targetHints":{"allow":["GET"]}}],"collection":[{"href":"https:\/\/levax.ee\/ru\/wp-json\/wp\/v2\/product"}],"about":[{"href":"https:\/\/levax.ee\/ru\/wp-json\/wp\/v2\/types\/product"}],"wp:featuredmedia":[{"embeddable":true,"href":"https:\/\/levax.ee\/ru\/wp-json\/wp\/v2\/media\/834"}],"wp:attachment":[{"href":"https:\/\/levax.ee\/ru\/wp-json\/wp\/v2\/media?parent=833"}],"wp:term":[{"taxonomy":"product_brand","embeddable":true,"href":"https:\/\/levax.ee\/ru\/wp-json\/wp\/v2\/product_brand?post=833"},{"taxonomy":"product_cat","embeddable":true,"href":"https:\/\/levax.ee\/ru\/wp-json\/wp\/v2\/product_cat?post=833"},{"taxonomy":"product_tag","embeddable":true,"href":"https:\/\/levax.ee\/ru\/wp-json\/wp\/v2\/product_tag?post=833"}],"curies":[{"name":"wp","href":"https:\/\/api.w.org\/{rel}","templated":true}]}}