{"id":931,"date":"2023-12-10T21:01:56","date_gmt":"2023-12-10T19:01:56","guid":{"rendered":"https:\/\/levax.ee\/?post_type=product&#038;p=931"},"modified":"2023-12-10T21:01:56","modified_gmt":"2023-12-10T19:01:56","slug":"gum-hambahari-activital-medium","status":"publish","type":"product","link":"https:\/\/levax.ee\/ru\/toode\/gum-hambahari-activital-medium\/","title":{"rendered":"GUM HAMBAHARI ACTIVITAL Medium"},"content":{"rendered":"<p>GUM HAMBAHARI ACTIVITAL Medium<\/p>\n<p>GUM Activital on ette n\u00e4htud kvaliteetseks igemehoolduseks ja igemep\u00f5letikuvastaseks kaitseks: spetsiaalsed mikrokiududega ja erineva suurusega harjased eemaldavad hambakatu raskesti ligip\u00e4\u00e4setavatest hammastevahelisest piirkondadest, kus v\u00f5ivad tekkida igemehaigused. Mikrokiududega harjased tungivad \u00f5rnalt k\u00f5ikidesse piirkondadesse, aidates eemaldada hambakattu abrasiivseid kahjustusi p\u00f5hjustamata.Unikaalne harjaste paigutus aitab puhastada s\u00fcgavamalt hammaste vahelt ja piki hambapiiri, aidates ennetada igemehaiguste teket. Kolmnurksete otstega harjaste kimbud sobituvad hammase vahele, kus igemehaigused alguse saavad. Nelinurkse kujuga harjaste kimbud aitavad tagada igemepiiri puhastamise, masseerides samaaegselt ka igemeid.<\/p>\n<p>&nbsp;<\/p>\n<p>V\u00e4rv v\u00f5ib erineda pildilolevast.<\/p>\n<p>&nbsp;<\/p>\n<p>&nbsp;<\/p>\n","protected":false},"excerpt":{"rendered":"<p>GUM HAMBAHARI ACTIVITAL Medium<\/p>\n<p>Tootja:<br \/>\nSunstar Europe S. A., \u0160veits<\/p>\n","protected":false},"featured_media":932,"template":"","meta":{"_gspb_post_css":""},"product_brand":[],"product_cat":[81,82],"product_tag":[84,83],"class_list":{"0":"post-931","1":"product","2":"type-product","3":"status-publish","4":"has-post-thumbnail","6":"product_cat-suuhooldus","7":"product_cat-hambaharjad","8":"product_tag-gum","9":"product_tag-hambahari","11":"first","12":"instock","13":"taxable","14":"shipping-taxable","15":"purchasable","16":"product-type-simple"},"jetpack_sharing_enabled":true,"_links":{"self":[{"href":"https:\/\/levax.ee\/ru\/wp-json\/wp\/v2\/product\/931","targetHints":{"allow":["GET"]}}],"collection":[{"href":"https:\/\/levax.ee\/ru\/wp-json\/wp\/v2\/product"}],"about":[{"href":"https:\/\/levax.ee\/ru\/wp-json\/wp\/v2\/types\/product"}],"wp:featuredmedia":[{"embeddable":true,"href":"https:\/\/levax.ee\/ru\/wp-json\/wp\/v2\/media\/932"}],"wp:attachment":[{"href":"https:\/\/levax.ee\/ru\/wp-json\/wp\/v2\/media?parent=931"}],"wp:term":[{"taxonomy":"product_brand","embeddable":true,"href":"https:\/\/levax.ee\/ru\/wp-json\/wp\/v2\/product_brand?post=931"},{"taxonomy":"product_cat","embeddable":true,"href":"https:\/\/levax.ee\/ru\/wp-json\/wp\/v2\/product_cat?post=931"},{"taxonomy":"product_tag","embeddable":true,"href":"https:\/\/levax.ee\/ru\/wp-json\/wp\/v2\/product_tag?post=931"}],"curies":[{"name":"wp","href":"https:\/\/api.w.org\/{rel}","templated":true}]}}