{"id":935,"date":"2023-12-10T21:07:22","date_gmt":"2023-12-10T19:07:22","guid":{"rendered":"https:\/\/levax.ee\/?post_type=product&#038;p=935"},"modified":"2024-01-20T17:32:55","modified_gmt":"2024-01-20T15:32:55","slug":"gum-hambahari-activital-soft","status":"publish","type":"product","link":"https:\/\/levax.ee\/ru\/toode\/gum-hambahari-activital-soft\/","title":{"rendered":"GUM HAMBAHARI ACTIVITAL Soft"},"content":{"rendered":"<h5>GUM HAMBAHARI ACTIVITAL Soft<\/h5>\n<p>Igap\u00e4evaseks kasutamiseks m\u00f5eldud hambahari. Pesta hambaid 2 korda p\u00e4evas 3 \u2013 5 minutit.<\/p>\n<p>GUM Activital on ette n\u00e4htud kvaliteetseks igemehoolduseks ja igemep\u00f5letikuvastaseks kaitseks: spetsiaalsed mikrokiududega ja erineva suurusega harjased eemaldavad hambakatu raskesti ligip\u00e4\u00e4setavatest hammastevahelisest piirkondadest, kus v\u00f5ivad tekkida igemehaigused. Mikrokiududega harjased tungivad \u00f5rnalt k\u00f5ikidesse piirkondadesse, aidates eemaldada hambakattu abrasiivseid kahjustusi p\u00f5hjustamata.Unikaalne harjaste paigutus aitab puhastada s\u00fcgavamalt hammaste vahelt ja piki hambapiiri, aidates ennetada igemehaiguste teket. Kolmnurksete otstega harjaste kimbud sobituvad hammase vahele, kus igemehaigused alguse saavad. Nelinurkse kujuga harjaste kimbud aitavad tagada igemepiiri puhastamise, masseerides samaaegselt ka igemeid.<\/p>\n<p>&nbsp;<\/p>\n<p>V\u00e4rv v\u00f5ib erineda pildilolevast.<\/p>\n","protected":false},"excerpt":{"rendered":"<h4>GUM HAMBAHARI ACTIVITAL Soft<\/h4>\n<p><b>Tootja<\/b><br \/>\nSunstar Europe S. A., \u0160veits<\/p>\n","protected":false},"featured_media":936,"template":"","meta":{"_gspb_post_css":""},"product_brand":[],"product_cat":[81,82,46],"product_tag":[84,83,85],"class_list":{"0":"post-935","1":"product","2":"type-product","3":"status-publish","4":"has-post-thumbnail","6":"product_cat-suuhooldus","7":"product_cat-hambaharjad","8":"product_cat-ilu-heaks","9":"product_tag-gum","10":"product_tag-hambahari","11":"product_tag-suuhooldus","13":"first","14":"instock","15":"taxable","16":"shipping-taxable","17":"purchasable","18":"product-type-simple"},"jetpack_sharing_enabled":true,"_links":{"self":[{"href":"https:\/\/levax.ee\/ru\/wp-json\/wp\/v2\/product\/935","targetHints":{"allow":["GET"]}}],"collection":[{"href":"https:\/\/levax.ee\/ru\/wp-json\/wp\/v2\/product"}],"about":[{"href":"https:\/\/levax.ee\/ru\/wp-json\/wp\/v2\/types\/product"}],"wp:featuredmedia":[{"embeddable":true,"href":"https:\/\/levax.ee\/ru\/wp-json\/wp\/v2\/media\/936"}],"wp:attachment":[{"href":"https:\/\/levax.ee\/ru\/wp-json\/wp\/v2\/media?parent=935"}],"wp:term":[{"taxonomy":"product_brand","embeddable":true,"href":"https:\/\/levax.ee\/ru\/wp-json\/wp\/v2\/product_brand?post=935"},{"taxonomy":"product_cat","embeddable":true,"href":"https:\/\/levax.ee\/ru\/wp-json\/wp\/v2\/product_cat?post=935"},{"taxonomy":"product_tag","embeddable":true,"href":"https:\/\/levax.ee\/ru\/wp-json\/wp\/v2\/product_tag?post=935"}],"curies":[{"name":"wp","href":"https:\/\/api.w.org\/{rel}","templated":true}]}}