{"id":954,"date":"2024-01-20T16:27:40","date_gmt":"2024-01-20T14:27:40","guid":{"rendered":"https:\/\/levax.ee\/?post_type=product&#038;p=954"},"modified":"2025-05-12T23:28:43","modified_gmt":"2025-05-12T20:28:43","slug":"gum-halicontrol-suuvesi-300-ml","status":"publish","type":"product","link":"https:\/\/levax.ee\/ru\/toode\/gum-halicontrol-suuvesi-300-ml\/","title":{"rendered":"GUM Halicontrol suuvesi 300 ml"},"content":{"rendered":"<h4>GUM Halicontrol suuvesi 300 ml<\/h4>\n<p><b>Gum Halicontrol suuvesi\u00a0<\/b>taastab v\u00e4rsket ja tervet hinge\u00f5hku.<\/p>\n<p>Suuvesi\u00a0p\u00fc\u00fcab halba l\u00f5hna tekitavad \u00fchendid kinni, neutraliseerib need ning takistab nende\u00a0moodustumist.<\/p>\n<p>Toode on alkoholivaba.<\/p>\n<p><strong>Omadused:<\/strong><br \/>\n*0,07% CPC h\u00e4vitab l\u00f5hna tekitavad bakterid keele ja hammaste biokilel ning tekitab kauakestva kaitset pakkuva kattekihi.<br \/>\n*Ts\u00fcklodekstriin p\u00fc\u00fcab aurustnud lenduvad v\u00e4\u00e4vli\u00fchendid (VSC) kinni ja neutraliseerib seda.<br \/>\n*Eeterlikud \u00f5lid h\u00e4vitavad biokile sisse peitunud bakterid.<br \/>\n*T\u00f5hus v\u00fcrtsi- ja taimesegu suurendab s\u00fcljeeritumist ning takistab VSC aurustumist.<\/p>\n<p>Loputage suud p\u00e4rast hammaste puhastamist 2 korda p\u00e4evas v\u00e4hemalt 30 sekundi 10-15 ml suuloputusvedelikuga,\u00a0<strong>mitte alla neelata<\/strong>!<\/p>\n<p>&nbsp;<\/p>\n<p><b>Koostis:<\/b>\u00a0Aqua, Glycerin, Propylene Glycol, Isomalt, PEG-40 Hydrogenated Castor Oil,\u00a0Xylitol, Methylparaben, Aroma, Zinc Lactate, Cyclodexrin, Sodium Saccharin,\u00a0Cetylpuridinium Chloride, Lactic Acid, Sodium Hydroxide, CI 42090, Limonene, Citral.<\/p>\n","protected":false},"excerpt":{"rendered":"<p><b>Gum Halicontrol suuvesi, 300 ml<\/b><\/p>\n","protected":false},"featured_media":955,"template":"","meta":{"_gspb_post_css":""},"product_brand":[],"product_cat":[81,86,46],"product_tag":[84,85],"class_list":{"0":"post-954","1":"product","2":"type-product","3":"status-publish","4":"has-post-thumbnail","6":"product_cat-suuhooldus","7":"product_cat-hambapastad","8":"product_cat-ilu-heaks","9":"product_tag-gum","10":"product_tag-suuhooldus","12":"first","13":"outofstock","14":"taxable","15":"shipping-taxable","16":"purchasable","17":"product-type-simple"},"jetpack_sharing_enabled":true,"_links":{"self":[{"href":"https:\/\/levax.ee\/ru\/wp-json\/wp\/v2\/product\/954","targetHints":{"allow":["GET"]}}],"collection":[{"href":"https:\/\/levax.ee\/ru\/wp-json\/wp\/v2\/product"}],"about":[{"href":"https:\/\/levax.ee\/ru\/wp-json\/wp\/v2\/types\/product"}],"wp:featuredmedia":[{"embeddable":true,"href":"https:\/\/levax.ee\/ru\/wp-json\/wp\/v2\/media\/955"}],"wp:attachment":[{"href":"https:\/\/levax.ee\/ru\/wp-json\/wp\/v2\/media?parent=954"}],"wp:term":[{"taxonomy":"product_brand","embeddable":true,"href":"https:\/\/levax.ee\/ru\/wp-json\/wp\/v2\/product_brand?post=954"},{"taxonomy":"product_cat","embeddable":true,"href":"https:\/\/levax.ee\/ru\/wp-json\/wp\/v2\/product_cat?post=954"},{"taxonomy":"product_tag","embeddable":true,"href":"https:\/\/levax.ee\/ru\/wp-json\/wp\/v2\/product_tag?post=954"}],"curies":[{"name":"wp","href":"https:\/\/api.w.org\/{rel}","templated":true}]}}