{"id":966,"date":"2024-01-20T17:01:13","date_gmt":"2024-01-20T15:01:13","guid":{"rendered":"https:\/\/levax.ee\/?post_type=product&#038;p=966"},"modified":"2026-03-18T09:34:35","modified_gmt":"2026-03-18T07:34:35","slug":"gum-junior-hambageel-7","status":"publish","type":"product","link":"https:\/\/levax.ee\/ru\/toode\/gum-junior-hambageel-7\/","title":{"rendered":"GUM Junior hambageel, 6+, 50ml"},"content":{"rendered":"<h4><strong>GUM Junior hambageel, 6+, 50ml<\/strong><\/h4>\n<p><strong>Tutti-Frutti<\/strong><\/p>\n<p><strong>T\u00e4nu kahe erilise koostisaine (fluoriid ja isomalt) kombinatsioonile aitab see ennetada hambaaukude teket, mis omakorda v\u00f5ib positiivselt m\u00f5jutada laste \u00fcldist tervist.<br \/>\nKliiniliselt on t\u00f5estatud, et fluoriidi (1450 ppm) ja isomalti kombinatsioon kahekordistab hammaste kaitset kaariese eest v\u00f5rreldes fluoriidi endaga. Remineraliseerib emaili ning tugevdab ja ravib j\u00e4\u00e4vhambaid nende moodustumise ajal. K\u00f5rge efektiivsus, s\u00e4ilitades samal ajal ohutu fluoriidi annuse.<\/strong><\/p>\n<p><strong>Tugevdab uusi hambaid<br \/>\nV\u00e4ga sile ja \u00f5rn valem<br \/>\nMaitsev tutti-frutti maitse, et r\u00f5\u00f5mustada v\u00e4ikseid maitsemeeli<br \/>\nV\u00e4hem abrasiivne kui t\u00e4iskasvanute hambapasta, et mitte kahjustada uute j\u00e4\u00e4vhammaste veel pehmet hambaemaili<br \/>\nGeeljas tekstuur l\u00f5busa s\u00e4raefektiga<\/strong><\/p>\n<p><strong>&nbsp;<\/strong><\/p>\n<p><strong>Alkoholivaba<\/strong><\/p>\n<p><strong>Parabeenivaba<\/strong><\/p>\n<p><strong>Sulfaadivaba<\/strong><\/p>\n","protected":false},"excerpt":{"rendered":"<p>GUM Junior hambageel, 7+<\/p>\n<p>50ml<\/p>\n<p>See v\u00e4ga \u00f5rn hambapasta, mis on loodud spetsiaalselt 7-aastastele ja vanematele lastele, aitab kaitsta laste hambaid ja igemeid nende arengu olulises etapis: kui nende j\u00e4\u00e4vhambad kasvavad.<\/p>\n","protected":false},"featured_media":1036,"template":"","meta":{"_gspb_post_css":""},"product_brand":[],"product_cat":[46,86,81],"product_tag":[84,85],"class_list":{"0":"post-966","1":"product","2":"type-product","3":"status-publish","4":"has-post-thumbnail","6":"product_cat-ilu-heaks","7":"product_cat-hambapastad","8":"product_cat-suuhooldus","9":"product_tag-gum","10":"product_tag-suuhooldus","12":"first","13":"instock","14":"taxable","15":"shipping-taxable","16":"purchasable","17":"product-type-simple"},"jetpack_sharing_enabled":true,"_links":{"self":[{"href":"https:\/\/levax.ee\/ru\/wp-json\/wp\/v2\/product\/966","targetHints":{"allow":["GET"]}}],"collection":[{"href":"https:\/\/levax.ee\/ru\/wp-json\/wp\/v2\/product"}],"about":[{"href":"https:\/\/levax.ee\/ru\/wp-json\/wp\/v2\/types\/product"}],"wp:featuredmedia":[{"embeddable":true,"href":"https:\/\/levax.ee\/ru\/wp-json\/wp\/v2\/media\/1036"}],"wp:attachment":[{"href":"https:\/\/levax.ee\/ru\/wp-json\/wp\/v2\/media?parent=966"}],"wp:term":[{"taxonomy":"product_brand","embeddable":true,"href":"https:\/\/levax.ee\/ru\/wp-json\/wp\/v2\/product_brand?post=966"},{"taxonomy":"product_cat","embeddable":true,"href":"https:\/\/levax.ee\/ru\/wp-json\/wp\/v2\/product_cat?post=966"},{"taxonomy":"product_tag","embeddable":true,"href":"https:\/\/levax.ee\/ru\/wp-json\/wp\/v2\/product_tag?post=966"}],"curies":[{"name":"wp","href":"https:\/\/api.w.org\/{rel}","templated":true}]}}