{"id":972,"date":"2024-01-20T17:23:40","date_gmt":"2024-01-20T15:23:40","guid":{"rendered":"https:\/\/levax.ee\/?post_type=product&#038;p=972"},"modified":"2025-10-17T14:46:50","modified_gmt":"2025-10-17T11:46:50","slug":"gum-bio-hambapasta-vegan-75ml","status":"publish","type":"product","link":"https:\/\/levax.ee\/ru\/toode\/gum-bio-hambapasta-vegan-75ml\/","title":{"rendered":"GUM BIO hambapasta, VEGAN, 75ml"},"content":{"rendered":"<h4>GUM BIO hambapasta, VEGAN, 75ml<\/h4>\n<p>KAITSEB NING TUGEVDAB HAMBAID JA IGEMEID. Orgaaniline sertifitseeritud hambapasta fluoriidiga.<\/p>\n<p>*Aitab ennetada hambaauke.<br \/>\n*V\u00e4rskendab hinge\u00f5hku.<br \/>\n*Tugevdab hambaemaili.<br \/>\n*Kaitseb hambaid ja igemeid.<\/p>\n<p>Sisaldab 0,32% naatriumflouriidi (1450 ppm fluoriidi ioone). Karp on valmistatud 80% ringlussev\u00f5etud paberist ning on 100% ringlussev\u00f5etav. Hea planeedile.<\/p>\n<p>22% k\u00f5igist koostisosadest on p\u00e4rit mahep\u00f5llumajandusest. 99% k\u00f5igist koostisosadest on looduslikku p\u00e4ritolu.<\/p>\n<p>COSMOS ORGANIC &#8212; sertifitseeritud Ecocert Greenlife poolt vastavalt COSMOS standardile.<\/p>\n<p><b>Kasutamisjuhised<\/b><br \/>\nT\u00e4iskasvanutele ja vanematele kui 7-aastastele lastele. Harjake hambaid 2 kuni 3 korda p\u00e4evas.<\/p>\n<p><b>Koostisosade loetelu (Ingredients)<\/b><br \/>\nSorbitol, Aqua, Hydrated Silica, Mentha Piperita Leaf Water*, Aloe Barbadensis Leaf Juice*, Lauryl Glucoside, Xanthan Gum, Aroma, Sodium Fluoride, Sodium Benzoate, Stevia Rebaudiana Extract, Citric Acid, Potassium Sorbate.<\/p>\n<p><b>S\u00e4ilitamistingimused<\/b><br \/>\nToatemperatuuril<\/p>\n","protected":false},"excerpt":{"rendered":"<p>GUM BIO hambapasta, VEGAN, 75ml<\/p>\n","protected":false},"featured_media":973,"template":"","meta":{"_gspb_post_css":""},"product_brand":[],"product_cat":[46,86,81],"product_tag":[84,87,85],"class_list":{"0":"post-972","1":"product","2":"type-product","3":"status-publish","4":"has-post-thumbnail","6":"product_cat-ilu-heaks","7":"product_cat-hambapastad","8":"product_cat-suuhooldus","9":"product_tag-gum","10":"product_tag-hambapasta","11":"product_tag-suuhooldus","13":"first","14":"outofstock","15":"taxable","16":"shipping-taxable","17":"purchasable","18":"product-type-simple"},"jetpack_sharing_enabled":true,"_links":{"self":[{"href":"https:\/\/levax.ee\/ru\/wp-json\/wp\/v2\/product\/972","targetHints":{"allow":["GET"]}}],"collection":[{"href":"https:\/\/levax.ee\/ru\/wp-json\/wp\/v2\/product"}],"about":[{"href":"https:\/\/levax.ee\/ru\/wp-json\/wp\/v2\/types\/product"}],"wp:featuredmedia":[{"embeddable":true,"href":"https:\/\/levax.ee\/ru\/wp-json\/wp\/v2\/media\/973"}],"wp:attachment":[{"href":"https:\/\/levax.ee\/ru\/wp-json\/wp\/v2\/media?parent=972"}],"wp:term":[{"taxonomy":"product_brand","embeddable":true,"href":"https:\/\/levax.ee\/ru\/wp-json\/wp\/v2\/product_brand?post=972"},{"taxonomy":"product_cat","embeddable":true,"href":"https:\/\/levax.ee\/ru\/wp-json\/wp\/v2\/product_cat?post=972"},{"taxonomy":"product_tag","embeddable":true,"href":"https:\/\/levax.ee\/ru\/wp-json\/wp\/v2\/product_tag?post=972"}],"curies":[{"name":"wp","href":"https:\/\/api.w.org\/{rel}","templated":true}]}}