{"id":982,"date":"2024-01-20T17:31:06","date_gmt":"2024-01-20T15:31:06","guid":{"rendered":"https:\/\/levax.ee\/?post_type=product&#038;p=982"},"modified":"2025-03-27T22:30:52","modified_gmt":"2025-03-27T20:30:52","slug":"gum-geel-hambapasta-paroex012-75ml","status":"publish","type":"product","link":"https:\/\/levax.ee\/ru\/toode\/gum-geel-hambapasta-paroex012-75ml\/","title":{"rendered":"GUM geel-hambapasta Paroex 0.12% 75ML"},"content":{"rendered":"<h4>GUM GEEL-HAMBAPASTA PAROEX 0.12% KLOORHEKSIDIINIGA 75ML<\/h4>\n<p>Hambageel, mis on spetsiaalselt hambakatu professionaalseks eemaldamiseks ja \u00e4rritunud periodondikudede tervisliku seisundi parandamiseks.<\/p>\n<p>\u2022 Aitab v\u00e4hendada hambakatu ladestumist<br \/>\n\u2022 Aitab rahustada tundlikke igemeid<br \/>\n\u2022 Aitab s\u00e4ilitada igemekudede tervist<\/p>\n<p>Sobib ideaalselt enne ja p\u00e4rast kirurgilist sekkumist suu\u00f5\u00f5nes, hammaste v\u00e4ljat\u00f5mbamist ja proteeside paigaldamist.<br \/>\nKloorheksidiindigl\u00fckonaadi (CHX) kui hambakatu tekkimise vastase toimeaine ja tset\u00fc\u00fclp\u00fcridiinkloriidi (CPC) koostoimel on kauakestev v\u00f5ime r\u00fcnnata tekkinud hambakattu ning ennetada seda p\u00f5hjustavate bakterite ja toksiinide teket.<\/p>\n<p>GUM Paroex 0,12% CHX hambapasta koostises on ka E-vitamiin- efektiivne antioks\u00fcdant, mis aitab neutraliseerida igemekudesid r\u00fcndavaid vabu radikaale, aaloe, mis toidab ja rahustab \u00e4rritunud suukudesid ja provitamiin B5, mis elustab igemeid ja s\u00e4ilitab nende toonust.<\/p>\n<p>GUM Paroex geel ei sisalda anioonseid vahtu tekitavaid aineid (nagu nt naatriumlaur\u00fc\u00fclsulfaat), mis v\u00f5ivad \u00e4rritada igemeid, p\u00f5hjustada suu\u00f5\u00f5ne haavandeid v\u00f5i p\u00e4rssida kloorheksidiini t\u00f5husat toimet. V\u00e4rske m\u00fcndimaitse.<\/p>\n<p><b>Kasutamisjuhised<\/b><br \/>\nKandke geel GUM Paroex pehmele hambaharjale ja harjake hambaid iga toidukorra j\u00e4rel v\u00f5i v\u00e4hemalt kaks korda p\u00e4evas 3 minutit. Maksimaalse toime saavutamiseks soovitatakse kasutada koos GUM Paroex suuloputusveega.<\/p>\n<p><b>Koostisosade loetelu (Ingredients)<\/b><br \/>\nGlycerin, Aqua, Hydrated Silica, Sorbitol, PEG-40, Hydrogenated Castor Oil, Hydroxyethyl Cellulose, Panthenol, Aroma, Cocamidopropyl Betaine, Tocopherol, Sodium Saccharin, Aloe Barbadensis Leaf Juice, Sodium Methylparaben, Chlorhexidine Digluconate, Sodium Chloride, Cetylpyridium Chloride, Sodium Benzoate, Limonene, Cl 42090.<\/p>\n<p><b>Hoiatused ja ettevaatusabin\u00f5ud<\/b><br \/>\nSobib kasutamiseks ainult t\u00e4iskasvanutele. V\u00e4lispidiseks kasutamiseks. Mitte alla neelata. Mitte kasutada allergiate puhul toote koostisosade vastu (nt kloorheksidiin digl\u00fckonaat).<\/p>\n<p><b>S\u00e4ilitamistingimused<\/b><br \/>\nS\u00e4ilitada toatemperatuuril.<\/p>\n","protected":false},"excerpt":{"rendered":"<p>GUM GEEL-HAMBAPASTA PAROEX 0.12% KLOORHEKSIDIINIGA 75ML<\/p>\n","protected":false},"featured_media":983,"template":"","meta":{"_gspb_post_css":""},"product_brand":[],"product_cat":[46,86,81],"product_tag":[84,87,85],"class_list":{"0":"post-982","1":"product","2":"type-product","3":"status-publish","4":"has-post-thumbnail","6":"product_cat-ilu-heaks","7":"product_cat-hambapastad","8":"product_cat-suuhooldus","9":"product_tag-gum","10":"product_tag-hambapasta","11":"product_tag-suuhooldus","13":"first","14":"outofstock","15":"taxable","16":"shipping-taxable","17":"purchasable","18":"product-type-simple"},"jetpack_sharing_enabled":true,"_links":{"self":[{"href":"https:\/\/levax.ee\/ru\/wp-json\/wp\/v2\/product\/982","targetHints":{"allow":["GET"]}}],"collection":[{"href":"https:\/\/levax.ee\/ru\/wp-json\/wp\/v2\/product"}],"about":[{"href":"https:\/\/levax.ee\/ru\/wp-json\/wp\/v2\/types\/product"}],"wp:featuredmedia":[{"embeddable":true,"href":"https:\/\/levax.ee\/ru\/wp-json\/wp\/v2\/media\/983"}],"wp:attachment":[{"href":"https:\/\/levax.ee\/ru\/wp-json\/wp\/v2\/media?parent=982"}],"wp:term":[{"taxonomy":"product_brand","embeddable":true,"href":"https:\/\/levax.ee\/ru\/wp-json\/wp\/v2\/product_brand?post=982"},{"taxonomy":"product_cat","embeddable":true,"href":"https:\/\/levax.ee\/ru\/wp-json\/wp\/v2\/product_cat?post=982"},{"taxonomy":"product_tag","embeddable":true,"href":"https:\/\/levax.ee\/ru\/wp-json\/wp\/v2\/product_tag?post=982"}],"curies":[{"name":"wp","href":"https:\/\/api.w.org\/{rel}","templated":true}]}}