{"id":986,"date":"2024-01-20T17:40:39","date_gmt":"2024-01-20T15:40:39","guid":{"rendered":"https:\/\/levax.ee\/?post_type=product&#038;p=986"},"modified":"2025-06-29T20:59:27","modified_gmt":"2025-06-29T17:59:27","slug":"gum-paroex-0-06-chx-hambapasta-75ml","status":"publish","type":"product","link":"https:\/\/levax.ee\/ru\/toode\/gum-paroex-0-06-chx-hambapasta-75ml\/","title":{"rendered":"GUM Paroex 0.06% CHX hambapasta, 75ml"},"content":{"rendered":"<h4>GUM Paroex 0.06% CHX hambapasta, 75ml<\/h4>\n<p>GUM Paroex 0.06% CHX hambapasta, mis on v\u00e4lja t\u00f6\u00f6tatud professionaalseks hambakatu eemaldamiseks ja pikaajaliseks kaitseks igemeprobleemide vastu.<\/p>\n<p>\u2022 Aitab v\u00e4hendada hambakatu ladestumist<br \/>\n\u2022 Aitab rahustada tundlikke igemeid<br \/>\n\u2022 Aitab s\u00e4ilitada igemekudede tervist<br \/>\n\u2022 Aitab ennetada hambaauke ja remineraliseerib hambaemaili<\/p>\n<p>Sobib ideaalselt periodontaalse ravi j\u00e4rgseks hooldusperioodiks v\u00f5i tundlike igemete varaste s\u00fcmptomitega tegelemiseks. Soovitatakse ka ortodontiliste, implantaatide, t\u00e4idiste v\u00f5i muude proteeside katu kontrolli all hoidmiseks.<\/p>\n<p>KAHETOIMELINE HAMBAKATUVASTANE S\u00dcSTEEM<\/p>\n<p>Kloorheksidiindigl\u00fckonaadi (CHX) kui hambakatu tekkimise vastase toimeaine ja tset\u00fc\u00fclp\u00fcridiinkloriidi (CPC) koostoimel on kauakestev v\u00f5ime r\u00fcnnata tekkinud hambakattu ning ennetada seda p\u00f5hjustavate bakterite ja toksiinide teket.GUM PAROEX 0,06% hambapasta koostises on ka E-vitamiin- efektiivne antioks\u00fcdant, mis aitab neutraliseerida igemekudesid r\u00fcndavaid vabu radikaale; aaloe, mis toidab ja rahustab \u00e4rritunud suukudesid; provitamiin B5, mis elustab igemeid ja s\u00e4ilitab nende toonust. Fluoriid (1450ppm) \u2013 tagab tugeva ja terve hambaemaili.<\/p>\n<p>GUM Paroex 0,06% CHX hambapasta ei sisalda anioonseid vahtu tekitavaid aineid (nagu nt naatriumlaur\u00fc\u00fclsulfaat), mis v\u00f5ivad \u00e4rritada igemeid, p\u00f5hjustada suu\u00f5\u00f5ne haavandeid v\u00f5i p\u00e4rssida kloorheksidiini t\u00f5husat toimet.<\/p>\n<p><b>Kasutamisjuhised<\/b><br \/>\nKandke hambapasta GUM Paroex pehmele hambaharjale ja harjake hambaid iga toidukorra j\u00e4rel v\u00f5i v\u00e4hemalt kaks korda p\u00e4evas 3 minutit. Maksimaalse toime saavutamiseks soovitatakse kasutada koos GUM Paroex suuloputusveega.<\/p>\n<p><b>Koostisosade loetelu (Ingredients)<\/b><br \/>\nAqua, Sorbitol, Hydrated Silica, Isomalt, Panthenol, Hydroxyethylcellulose, PEG-40 Hydrogenated Castor Oil, Cocamidopropyl Betaine, Aroma, Titanium Dioxide, Sodium Fluoride, Sodium Saccharin, Sodium Chloride, Aloe Barbadensis Leaf Juice, Sodium Methylparaben, Glycerin, Chlorhexidine Digluconate, Cetylpyridinium Chloride, Tocopherol, Sodium Benzoate, Limonene<\/p>\n<p><b>Hoiatused ja ettevaatusabin\u00f5ud<\/b><br \/>\nSobib kasutamiseks ainult t\u00e4iskasvanutele. V\u00e4lispidiseks kasutamiseks. Mitte alla neelata. Mitte kasutada allergiate puhul toote koostisosade vastu (nt kloorheksidiin digl\u00fckonaat).<\/p>\n<p><b>S\u00e4ilitamistingimused<\/b><br \/>\nS\u00e4ilitada toatemperatuuril.<\/p>\n","protected":false},"excerpt":{"rendered":"<p>GUM Paroex 0.06% CHX hambapasta, 75ml<\/p>\n","protected":false},"featured_media":987,"template":"","meta":{"_gspb_post_css":""},"product_brand":[],"product_cat":[46,86,81],"product_tag":[84,87,85],"class_list":{"0":"post-986","1":"product","2":"type-product","3":"status-publish","4":"has-post-thumbnail","6":"product_cat-ilu-heaks","7":"product_cat-hambapastad","8":"product_cat-suuhooldus","9":"product_tag-gum","10":"product_tag-hambapasta","11":"product_tag-suuhooldus","13":"first","14":"outofstock","15":"taxable","16":"shipping-taxable","17":"purchasable","18":"product-type-simple"},"jetpack_sharing_enabled":true,"_links":{"self":[{"href":"https:\/\/levax.ee\/ru\/wp-json\/wp\/v2\/product\/986","targetHints":{"allow":["GET"]}}],"collection":[{"href":"https:\/\/levax.ee\/ru\/wp-json\/wp\/v2\/product"}],"about":[{"href":"https:\/\/levax.ee\/ru\/wp-json\/wp\/v2\/types\/product"}],"wp:featuredmedia":[{"embeddable":true,"href":"https:\/\/levax.ee\/ru\/wp-json\/wp\/v2\/media\/987"}],"wp:attachment":[{"href":"https:\/\/levax.ee\/ru\/wp-json\/wp\/v2\/media?parent=986"}],"wp:term":[{"taxonomy":"product_brand","embeddable":true,"href":"https:\/\/levax.ee\/ru\/wp-json\/wp\/v2\/product_brand?post=986"},{"taxonomy":"product_cat","embeddable":true,"href":"https:\/\/levax.ee\/ru\/wp-json\/wp\/v2\/product_cat?post=986"},{"taxonomy":"product_tag","embeddable":true,"href":"https:\/\/levax.ee\/ru\/wp-json\/wp\/v2\/product_tag?post=986"}],"curies":[{"name":"wp","href":"https:\/\/api.w.org\/{rel}","templated":true}]}}